{"id":992,"date":"2024-04-18T12:03:00","date_gmt":"2024-04-18T12:03:00","guid":{"rendered":"http:\/\/193.194.89.33\/VERELEX\/?page_id=992"},"modified":"2024-04-18T12:10:08","modified_gmt":"2024-04-18T12:10:08","slug":"offre-de-bourse-detudes-de-luniversite-ada-dazerbaidjan","status":"publish","type":"page","link":"https:\/\/vrrelex.usthb.dz\/index.php\/offre-de-bourse-detudes-de-luniversite-ada-dazerbaidjan\/","title":{"rendered":"Offre de bourse d\u2019\u00e9tudes de l\u2019Universit\u00e9 \u00ab ADA \u00bb d\u2019Azerbaidjan"},"content":{"rendered":"\n<p>L&#8217;USTHB&nbsp; est destinataire&nbsp;via&nbsp;&nbsp;le Minist\u00e8re de l\u2019Enseignement Sup\u00e9rieur et de la Recherche Scientifique d&#8217;une offre  de bourses&nbsp;&nbsp;de l&#8217;Universit\u00e9 \u00ab ADA \u00bb d\u2019Azerbaidjan \u00ab Alimardan Bey Topchubashov \u00bb, \u00e9manant de l\u2019Ambassade de la R\u00e9publique d\u2019Azerba\u00efdjan \u00e0 Alger.<\/p>\n\n\n\n<p>Les conditions d\u2019\u00e9ligibilit\u00e9 d\u2019admission et de prise en charge des \u00e9tudiants \u00e9trangers sont indiqu\u00e9es dans le <a href=\"http:\/\/193.194.89.33\/VERELEX\/wp-content\/uploads\/2024\/04\/ADA-DOCUMENTS.pdf\">document joint<\/a>.<\/p>\n","protected":false},"excerpt":{"rendered":"<p>L&#8217;USTHB&nbsp; est destinataire&nbsp;via&nbsp;&nbsp;le Minist\u00e8re de l\u2019Enseignement Sup\u00e9rieur et de la <span class=\"readmore\"><a href=\"https:\/\/vrrelex.usthb.dz\/index.php\/offre-de-bourse-detudes-de-luniversite-ada-dazerbaidjan\/\">Lire Plus<\/a><\/span><\/p>\n","protected":false},"author":1,"featured_media":987,"parent":0,"menu_order":0,"comment_status":"closed","ping_status":"closed","template":"","meta":{"footnotes":""},"_links":{"self":[{"href":"https:\/\/vrrelex.usthb.dz\/index.php\/wp-json\/wp\/v2\/pages\/992"}],"collection":[{"href":"https:\/\/vrrelex.usthb.dz\/index.php\/wp-json\/wp\/v2\/pages"}],"about":[{"href":"https:\/\/vrrelex.usthb.dz\/index.php\/wp-json\/wp\/v2\/types\/page"}],"author":[{"embeddable":true,"href":"https:\/\/vrrelex.usthb.dz\/index.php\/wp-json\/wp\/v2\/users\/1"}],"replies":[{"embeddable":true,"href":"https:\/\/vrrelex.usthb.dz\/index.php\/wp-json\/wp\/v2\/comments?post=992"}],"version-history":[{"count":3,"href":"https:\/\/vrrelex.usthb.dz\/index.php\/wp-json\/wp\/v2\/pages\/992\/revisions"}],"predecessor-version":[{"id":1000,"href":"https:\/\/vrrelex.usthb.dz\/index.php\/wp-json\/wp\/v2\/pages\/992\/revisions\/1000"}],"wp:featuredmedia":[{"embeddable":true,"href":"https:\/\/vrrelex.usthb.dz\/index.php\/wp-json\/wp\/v2\/media\/987"}],"wp:attachment":[{"href":"https:\/\/vrrelex.usthb.dz\/index.php\/wp-json\/wp\/v2\/media?parent=992"}],"curies":[{"name":"wp","href":"https:\/\/api.w.org\/{rel}","templated":true}]}}