{"id":98,"date":"2023-09-07T09:23:19","date_gmt":"2023-09-07T09:23:19","guid":{"rendered":"http:\/\/193.194.89.33\/VERELEX\/?page_id=98"},"modified":"2023-10-10T12:33:58","modified_gmt":"2023-10-10T12:33:58","slug":"cellule-dappui-aux-projets-internationnaux-capi","status":"publish","type":"page","link":"https:\/\/vrrelex.usthb.dz\/index.php\/cellule-dappui-aux-projets-internationnaux-capi\/","title":{"rendered":"Cellule d\u2019Appui aux Projets Internationaux (CAPI)"},"content":{"rendered":"\n<p>L\u2019\u00e9quipe de la Cellule d\u2019Appui aux Projets Internationaux (CAPI) a vocation \u00e0<br>accompagner les personnels (chercheurs, enseignants\u2010chercheurs et<br>doctorants) de l\u2019Universit\u00e9 dans le montage, le suivi et la gestion de leurs<br>projets de recherche et\/ou de formation qu\u2019ils soient \u00e0 dimension r\u00e9gionale ou<br>internationale.<br>La cellule CAPI travaille en \u00e9troite collaboration avec les diverses composantes<br>de l\u2019Universit\u00e9 afin de mettre \u00e0 la disposition des \u00e9tudiants, des enseignants<br>chercheurs ou des universit\u00e9s et organisations partenaires une politique de<br>stages \u00e0 l\u2019international en ad\u00e9quation avec des objectifs et du plan de formation<br>trac\u00e9s par l\u2019universit\u00e9.<\/p>\n\n\n\n<p><strong>MISSIONS<\/strong><\/p>\n\n\n\n<ul>\n<li>La construction et le suivi de coop\u00e9rations internationales et d\u2019accords bilat\u00e9raux<br>avec les universit\u00e9s partenaires ;<\/li>\n\n\n\n<li> l\u2019internationalisation des formations de l\u2019Universit\u00e9 sous la forme de cursus int\u00e9gr\u00e9s,<br>co\u2010dipl\u00f4mations, et de doubles dipl\u00f4mes internationaux ;<\/li>\n\n\n\n<li> la coordination de la mobilit\u00e9 entrante : accueil, accompagnement sp\u00e9cifique des<br>enseignants chercheurs et des \u00e9tudiants d\u2019\u00e9changes ;<\/li>\n\n\n\n<li> la coordination de la mobilit\u00e9 sortante : diffusion et traitement de l\u2019information<br>relative aux \u00e9changes et coop\u00e9rations internationales pour les enseignants<br>chercheurs et les \u00e9tudiants d\u2019\u00e9changes ;<\/li>\n\n\n\n<li> le d\u00e9veloppement d\u2019une politique de stages \u00e0 l\u2019international ;<\/li>\n\n\n\n<li>la gestion financi\u00e8re des projets li\u00e9s \u00e0 la coop\u00e9ration, la mobilit\u00e9 et \u00e0 la gestion des<br>subventions allou\u00e9es au titre des partenariats de l\u2019\u00e9tablissement.<\/li>\n<\/ul>\n","protected":false},"excerpt":{"rendered":"<p>L\u2019\u00e9quipe de la Cellule d\u2019Appui aux Projets Internationaux (CAPI) a <span class=\"readmore\"><a href=\"https:\/\/vrrelex.usthb.dz\/index.php\/cellule-dappui-aux-projets-internationnaux-capi\/\">Lire Plus<\/a><\/span><\/p>\n","protected":false},"author":1,"featured_media":0,"parent":0,"menu_order":0,"comment_status":"closed","ping_status":"closed","template":"","meta":{"footnotes":""},"_links":{"self":[{"href":"https:\/\/vrrelex.usthb.dz\/index.php\/wp-json\/wp\/v2\/pages\/98"}],"collection":[{"href":"https:\/\/vrrelex.usthb.dz\/index.php\/wp-json\/wp\/v2\/pages"}],"about":[{"href":"https:\/\/vrrelex.usthb.dz\/index.php\/wp-json\/wp\/v2\/types\/page"}],"author":[{"embeddable":true,"href":"https:\/\/vrrelex.usthb.dz\/index.php\/wp-json\/wp\/v2\/users\/1"}],"replies":[{"embeddable":true,"href":"https:\/\/vrrelex.usthb.dz\/index.php\/wp-json\/wp\/v2\/comments?post=98"}],"version-history":[{"count":4,"href":"https:\/\/vrrelex.usthb.dz\/index.php\/wp-json\/wp\/v2\/pages\/98\/revisions"}],"predecessor-version":[{"id":345,"href":"https:\/\/vrrelex.usthb.dz\/index.php\/wp-json\/wp\/v2\/pages\/98\/revisions\/345"}],"wp:attachment":[{"href":"https:\/\/vrrelex.usthb.dz\/index.php\/wp-json\/wp\/v2\/media?parent=98"}],"curies":[{"name":"wp","href":"https:\/\/api.w.org\/{rel}","templated":true}]}}