{"id":70,"date":"2023-09-06T13:09:47","date_gmt":"2023-09-06T13:09:47","guid":{"rendered":"http:\/\/193.194.89.33\/VERELEX\/?page_id=70"},"modified":"2023-12-02T20:25:45","modified_gmt":"2023-12-02T20:25:45","slug":"bleu","status":"publish","type":"page","link":"https:\/\/vrrelex.usthb.dz\/index.php\/bleu\/","title":{"rendered":"Bureau de Liaison Entreprises\/Universit\u00e9 (BLEU)"},"content":{"rendered":"\n<div class=\"wp-block-columns is-layout-flex wp-container-core-columns-layout-1 wp-block-columns-is-layout-flex\">\n<div class=\"wp-block-column is-layout-flow wp-block-column-is-layout-flow\">\n<p style=\"font-size:18px\">Le BLEU a pour principal objectif de renforcer l\u2019ouverture de l\u2019universit\u00e9 sur son<br>environnement socio\u2010\u00e9conomique notamment \u00e0 travers la valorisation de la<br>recherche scientifique, technique et technologique, et au travers de la<br>pertinence de ses dipl\u00f4mes comme valeurs ajout\u00e9es de l\u2019universit\u00e9. Il s\u2019agit<br>d\u2019une structure d\u2019interface remplit \u00e0 la fois une fonction d\u2019impulsion, de conseil<br>et d\u2019appui aux \u00e9quipes universitaires comme \u00e0 leurs partenaires industriels.<\/p>\n\n\n\n<p style=\"font-size:18px\">.Offrir un ensemble de services, en particulier, des programmes de formation<br>continue adapt\u00e9s aux besoins des entreprises.<br>\u2022Contribuer \u00e0 faire remonter aux services de formation et de recherche les<br>besoins et souhaits des entreprises.<\/p>\n\n\n\n<ul>\n<li>Favoriser le transfert de technologie dans le sens universit\u00e9 entreprise.<\/li>\n\n\n\n<li>Mettre \u00e0 la disposition de ses partenaires, les ressources humaines et<br>mat\u00e9rielles n\u00e9cessaires \u00e0 la conduite de projets men\u00e9s en commun.<\/li>\n\n\n\n<li>Travailler en \u00e9troite collaboration avec les services des stages et de l\u2019insertion<br>professionnelle.<\/li>\n<\/ul>\n<\/div>\n<\/div>\n","protected":false},"excerpt":{"rendered":"<p>Le BLEU a pour principal objectif de renforcer l\u2019ouverture de <span class=\"readmore\"><a href=\"https:\/\/vrrelex.usthb.dz\/index.php\/bleu\/\">Lire Plus<\/a><\/span><\/p>\n","protected":false},"author":1,"featured_media":0,"parent":0,"menu_order":0,"comment_status":"closed","ping_status":"closed","template":"","meta":{"footnotes":""},"_links":{"self":[{"href":"https:\/\/vrrelex.usthb.dz\/index.php\/wp-json\/wp\/v2\/pages\/70"}],"collection":[{"href":"https:\/\/vrrelex.usthb.dz\/index.php\/wp-json\/wp\/v2\/pages"}],"about":[{"href":"https:\/\/vrrelex.usthb.dz\/index.php\/wp-json\/wp\/v2\/types\/page"}],"author":[{"embeddable":true,"href":"https:\/\/vrrelex.usthb.dz\/index.php\/wp-json\/wp\/v2\/users\/1"}],"replies":[{"embeddable":true,"href":"https:\/\/vrrelex.usthb.dz\/index.php\/wp-json\/wp\/v2\/comments?post=70"}],"version-history":[{"count":10,"href":"https:\/\/vrrelex.usthb.dz\/index.php\/wp-json\/wp\/v2\/pages\/70\/revisions"}],"predecessor-version":[{"id":787,"href":"https:\/\/vrrelex.usthb.dz\/index.php\/wp-json\/wp\/v2\/pages\/70\/revisions\/787"}],"wp:attachment":[{"href":"https:\/\/vrrelex.usthb.dz\/index.php\/wp-json\/wp\/v2\/media?parent=70"}],"curies":[{"name":"wp","href":"https:\/\/api.w.org\/{rel}","templated":true}]}}