{"id":66,"date":"2023-09-06T13:09:15","date_gmt":"2023-09-06T13:09:15","guid":{"rendered":"http:\/\/193.194.89.33\/VERELEX\/?page_id=66"},"modified":"2024-05-12T09:45:20","modified_gmt":"2024-05-12T09:45:20","slug":"communique-de-presse","status":"publish","type":"page","link":"https:\/\/vrrelex.usthb.dz\/index.php\/communique-de-presse\/","title":{"rendered":"Communiqu\u00e9s de Presse"},"content":{"rendered":"\n<h3 class=\"wp-block-heading\">Les communiqu\u00e9s de presse \u00e9mis par l&#8217;USTHB<\/h3>\n\n\n\n<h3 class=\"wp-block-heading\">Ann\u00e9e 2023<\/h3>\n\n\n\n<ul>\n<li>communiqu\u00e9 s\u00e9minaire chimie<\/li>\n\n\n\n<li>communique GMGP<\/li>\n\n\n\n<li>Anniversaire de l&#8217;USTHB<\/li>\n\n\n\n<li>Brevets USTHB 27 juin 2023<\/li>\n\n\n\n<li>BrevetsUSTHB-2023<\/li>\n\n\n\n<li>communique C\u00e9r\u00e9monie de cloture-2023<\/li>\n\n\n\n<li>Communiqu\u00e9 Start up<\/li>\n\n\n\n<li>conf\u00e9rence internationale sur les mat\u00e9riaux polym\u00e8res<\/li>\n\n\n\n<li>Conf\u00e9rence seha 2023 <\/li>\n\n\n\n<li>Conf\u00e9rence sur les Animaux<\/li>\n\n\n\n<li>convention avec l\u2019Ecole Nationale des Enseignants Sourds et Muets<\/li>\n\n\n\n<li>courrier presse -Chabat<\/li>\n\n\n\n<li>courrier presse -IEEE<\/li>\n\n\n\n<li>couverture start up<\/li>\n\n\n\n<li>Couverture m\u00e9diatique Algerian robot Cup (2)<\/li>\n\n\n\n<li>INAPI-USTHB-pays arabes<\/li>\n\n\n\n<li>Indjaz USTHB<\/li>\n\n\n\n<li>la journ\u00e9e mondiale de l\u2019ing\u00e9nierie du d\u00e9veloppement durable<\/li>\n\n\n\n<li>MIcro Club Informatique<\/li>\n\n\n\n<li>Mozambique- USTHB<\/li>\n\n\n\n<li>S\u00e9minaire chimie<\/li>\n\n\n\n<li>Soutenance master USTHB<\/li>\n\n\n\n<li>World University Ranking 2023<\/li>\n<\/ul>\n","protected":false},"excerpt":{"rendered":"<p>Les communiqu\u00e9s de presse \u00e9mis par l&#8217;USTHB Ann\u00e9e 2023<\/p>\n","protected":false},"author":1,"featured_media":973,"parent":0,"menu_order":0,"comment_status":"closed","ping_status":"closed","template":"","meta":{"footnotes":""},"_links":{"self":[{"href":"https:\/\/vrrelex.usthb.dz\/index.php\/wp-json\/wp\/v2\/pages\/66"}],"collection":[{"href":"https:\/\/vrrelex.usthb.dz\/index.php\/wp-json\/wp\/v2\/pages"}],"about":[{"href":"https:\/\/vrrelex.usthb.dz\/index.php\/wp-json\/wp\/v2\/types\/page"}],"author":[{"embeddable":true,"href":"https:\/\/vrrelex.usthb.dz\/index.php\/wp-json\/wp\/v2\/users\/1"}],"replies":[{"embeddable":true,"href":"https:\/\/vrrelex.usthb.dz\/index.php\/wp-json\/wp\/v2\/comments?post=66"}],"version-history":[{"count":25,"href":"https:\/\/vrrelex.usthb.dz\/index.php\/wp-json\/wp\/v2\/pages\/66\/revisions"}],"predecessor-version":[{"id":1264,"href":"https:\/\/vrrelex.usthb.dz\/index.php\/wp-json\/wp\/v2\/pages\/66\/revisions\/1264"}],"wp:featuredmedia":[{"embeddable":true,"href":"https:\/\/vrrelex.usthb.dz\/index.php\/wp-json\/wp\/v2\/media\/973"}],"wp:attachment":[{"href":"https:\/\/vrrelex.usthb.dz\/index.php\/wp-json\/wp\/v2\/media?parent=66"}],"curies":[{"name":"wp","href":"https:\/\/api.w.org\/{rel}","templated":true}]}}