{"id":62,"date":"2023-09-06T13:08:37","date_gmt":"2023-09-06T13:08:37","guid":{"rendered":"http:\/\/193.194.89.33\/VERELEX\/?page_id=62"},"modified":"2023-11-22T10:46:27","modified_gmt":"2023-11-22T10:46:27","slug":"formulaires-a-telecharger","status":"publish","type":"page","link":"https:\/\/vrrelex.usthb.dz\/index.php\/formulaires-a-telecharger\/","title":{"rendered":"Bilans des Manifestations Scientifiques"},"content":{"rendered":"\n<h2 class=\"wp-block-heading\">Ann\u00e9e 2023<\/h2>\n\n\n\n\n\n<table class=\"table-style\">\n \n        <thead>\n<head>\n<style>\n*, ::before, ::after {\n    box-sizing: border-box;\n    margin: 0; \n    padding: 0;\n}\n\nbody {\n   \n padding: 18px;\n    font-family: Arial, Helvetica, sans-serif;\n    background: #fff;\n    display: flex;\n    justify-content: center;\n    align-items: center;\n}\n\n.table-style  {\n    border-collapse: collapse;\n    box-shadow: 0 5px 50px rgba(0,0,0,0.15);\n    cursor: pointer;\n    margin: 0px auto;\n    border: 2px solid midnightblue;\n}\n\nthead tr {\n    background-color: midnightblue;\n    color: #fff;\n    text-align: left;\n}\n\nth, td {\n    padding: 15px 20px;\n    text-align: center;\n}\n\ntbody tr, td, th {\n    border: 1px solid #ddd;\n}\n\ntbody tr:nth-child(even){\n    background-color: #f3f3f3;\n}\n\n@media screen and (max-width: 550px) {\n  body {\n    align-items: flex-start;\n  }\n  .table-style  {\n    width: 100%;\n    margin: 0px;\n    font-size: 10px;\n  }\n  th, td {\n    padding: 10px 7px;\n}\n\n}\n<\/head>\n<\/style>\n            <tr>\n                <th style=\"width: 40%;\">Intitul\u00e9<\/th>\n                <th style=\"width: 15%;\">Date<\/th>\n                <th style=\"width: 30%;\">Facult\u00e9\/Organisateur<\/th>\n                <th style=\"width: 15%;\">Lieu<\/th>\n               \n            <\/tr>\n        <\/thead>\n        \n\n        <tbody>\n            <tr>\n                <td>International Conference on Earth Observation and Geo-Spatial Information ICGEOGI (IN)<\/td>\n                <td>22 au 24 Mai<\/td>\n                <td> Pr. KHEDDAM Radja -G\u00e9nie Electronique<\/td>\n                <td>USTHB<\/td>\n              \n            <\/tr>\n            <tr>\n                <td>10\u00e9meEdition du S\u00e9minaire Nationale sur le Laser et ses Application SENALAP\u201910(N)<\/td>\n                <td>12 au 14 Juin<\/td>\n                <td>Dr. TERNICHE Sa\u00efd -Physique <\/td>\n                <td>USTHB<\/td>\n              \n            <\/tr>\n            <tr>\n                <td>S\u00e9minaire National sur la G\u00e9omatique et Domaines d\u2019Application SNGDA (N)  <\/td>\n                <td> 15 au 17 Juin<\/td>\n                <td>Dr. AKZIZ Djamal-FSTGAT<\/td>\n                <td>USTHB<\/td>\n               \n            <\/tr>\n            <tr>\n                <td>Seminar of Engineering Health and Analysis SEHA (IN)<\/td>\n                <td>21au 22 Juin<\/td>\n                <td>Pr DAOUD Kamel-FGMGP<\/td>\n                <td>USTHB<\/td>\n                \n            <\/tr>\n            <tr>\n                <td>Conf\u00e9rence Africaine des Animaux de Laboratoire (IN)<\/td>\n                <td>24 au25 juin<\/td>\n                <td>Pr. Charallah Salima-Biologie<\/td>\n                <td>USTHB<\/td>\n                \n            <\/tr>\n <tr>\n                <td>La Ville au C\u0153ur des D\u00e9fis de Durabilit\u00e9 et du Num\u00e9rique Regards Crois\u00e9s sur les Enjeux Urbains et Environnementaux(IN)<\/td>\n                <td>01au 02   Juillet<\/td>\n                <td>Pr.BAZIZ Amel-FSTGAT<\/td>\n                <td>USTHB<\/td>\n            \n            <\/tr>\n <tr>\n                <td> Eaux, Environnent et Pollution SEEP23(N)\/td>\n                <td>02au 03 Juillet<\/td>\n                <td>Pr GHOUALEM Hafida-Chimie<<\/td>\n                <td>USTHB<\/td>\n               \n  <\/tr>\n <tr>\n                <td> La D\u00e9min\u00e9ralisation des Eaux Saum\u00e2tres et le Dessalement de l\u2019Eau de Mer (N)<\/td>\n                <td>Le 10 Juillet<\/td>\n                <td>Pr YEDDOU Nacera-FGMGP<\/td>\n                <td>USTHB<\/td>\n             \n            <\/tr>\n<tr>\n                <td>Congr\u00e8s National en M\u00e9canique des Fluides, CNMF2023(N)<\/td>\n                <td>01 et 02 Octobre <\/td>\n                <td>Pr MOKHTARI Faiza-Physique<\/td>\n                <td>USTHB<\/td>\n                \n  <\/tr>\n<tr>\n                <td>International  Conference on  Materials and  Environment ICME (IN)<\/td>\n                <td>17 et18 Octobre  <\/td>\n                <td>Pr HADJ-HAMOU Assia-Chimie<\/td>\n                <td>USTHB<\/td>\n                \n  <\/tr>\n<tr>\n                <td>1\u00e8re Conf\u00e9rence Internationale sur la Chimie Pharmaceutique : Recherche et Industrie Local CICP2023(IN)<\/td>\n                <td>29 et 30 Novembre <\/td>\n                <td>Dr NAITALI Fateh-Chimie<\/td>\n                <td>USTHB<\/td>\n                \n  <\/tr>\n<tr>\n                <td>Congr\u00e8s National en M\u00e9canique des Fluides, CNMF2023(N)<\/td>\n                <td>01 et 02 Octobre <\/td>\n                <td>Pr MOKHTARI Faiza-Physique<\/td>\n                <td>USTHB<\/td>\n                \n  <\/tr>\n<\/FONT>\n        <\/tbody>\n\n    <\/table>\n\n\n\n<h2 class=\"wp-block-heading\">Ann\u00e9e 2022<\/h2>\n\n\n\n<table class=\"table-style\">\n \n        <thead>\n<head>\n<style>\n*, ::before, ::after {\n    box-sizing: border-box;\n    margin: 0; \n    padding: 0;\n}\n\nbody {\n   \n padding: 18px;\n    font-family: Arial, Helvetica, sans-serif;\n    background: #fff;\n    display: flex;\n    justify-content: center;\n    align-items: center;\n}\n\n.table-style  {\n    border-collapse: collapse;\n    box-shadow: 0 5px 50px rgba(0,0,0,0.15);\n    cursor: pointer;\n    margin: 0px auto;\n    border: 2px solid midnightblue;\n}\n\nthead tr {\n    background-color: midnightblue;\n    color: #fff;\n    text-align: left;\n}\n\nth, td {\n    padding: 15px 20px;\n    text-align: center;\n}\n\ntbody tr, td, th {\n    border: 1px solid #ddd;\n}\n\ntbody tr:nth-child(even){\n    background-color: #f3f3f3;\n}\n\n@media screen and (max-width: 550px) {\n  body {\n    align-items: flex-start;\n  }\n  .table-style  {\n    width: 100%;\n    margin: 0px;\n    font-size: 10px;\n  }\n  th, td {\n    padding: 10px 7px;\n}\n\n}\n<\/head>\n<\/style>\n            <tr>\n                <th style=\"width: 40%;\">Intitul\u00e9<\/th>\n                <th style=\"width: 15%;\">Date<\/th>\n                <th style=\"width: 30%;\">Facult\u00e9\/Organisateur<\/th>\n                <th style=\"width: 15%;\">Lieu<\/th>\n               \n            <\/tr>\n        <\/thead>\n        \n\n        <tbody>\n            <tr>\n                <td>L\u2019Intelligence Artificielle en Sciences et en Technologies IAST-USTHB-2022 (N)<\/td>\n                <td>11-12 Mai 2022<\/td>\n                <td>Chimie-Pr.BRAHIMI<\/td>\n                <td>USTHB<\/td>\n                \n            <\/tr>\n            <tr>\n                <td>Congr\u00e8s des Energies et g\u00e9nie des proc\u00e9d\u00e9s industriels 2022 CEGPI-22 (IN)<\/td>\n                <td>23-25 Mai 2022<\/td>\n                <td>GMGP-Dr\u00a0: SABA<\/td>\n                <td>H\u00f4tel Mercure<\/td>\n              \n            <\/tr>\n            <tr>\n                <td>Conf\u00e9rence Internationale sur les Mat\u00e9riaux Polym\u00e8res CIMP\u201922 (IN)      <\/td>\n                <td>03-04 Juillet 2022<\/td>\n                <td>CHIMIE-Dr: AROUS<\/td>\n                <td>USTHB<\/td>\n               \n            <\/tr>\n            <tr>\n                <td>S\u00e9minaire National sur la Gestion Durable des Ressources en Eau et la Valorisation des Sous-Produits, GDRE-VSP\u20192022 (N)<\/td>\n                <td>06-07 Juillet 2022<\/td>\n                <td>GMGP-Dr\u00a0: REZZAZ-YAZID<\/td>\n                <td>USTHB<\/td>\n                \n            <\/tr>\n            <tr>\n                <td>5th Artificiel Intelligence Doctoral Symposium AID\u201922(N)<\/td>\n                <td>18-19 Septembre 2022<\/td>\n                <td>Informatique-Pr: ZERKAOUI DRIAS<\/td>\n                <td>H\u00f4tel-Bab Ezzouar<\/td>\n                \n            <\/tr>\n <tr>\n                <td>6\u00e9me Congr\u00e8s International des Population et des Communaut\u00e9s Animales CIPCA6(IN)<\/td>\n                <td>08-10 Octobre 2022<\/td>\n                <td>Biologie-Pr\u00a0: ARAB<\/td>\n                <td>DJANET<\/td>\n            \n            <\/tr>\n <tr>\n                <td> 8\u00e9me Workshop du laboratoire AMNEDP<\/td>\n                <td>29-30 Octobre 2022<\/td>\n                <td>Math\u00e9matiques-Dr: BOUDJERADA<<\/td>\n                <td>USTHB<\/td>\n               \n  <\/tr>\n <tr>\n                <td> 2\u00e9me Edition du S\u00e9minaire Nationale LES GEORISQUES EN ALGERIE \u00bb (N)<\/td>\n                <td>06-08 Novembre2022<\/td>\n                <td>Sciences de la Terre-Pr : BOUTIBA<\/td>\n                <td>Mila<\/td>\n             \n            <\/tr>\n<tr>\n                <td> 3rdInternational Conf\u00e9rence on Radiations and Applications CRNA-Algries ICRAA3 (IN)<\/td>\n                <td>21-23 Novembre2022<\/td>\n                <td>Physique-   Pr : BELGAID<\/td>\n                <td>Biblioth\u00e8que National El- HAMA<\/td>\n                \n  <\/tr>\n<\/FONT>\n        <\/tbody>\n\n    <\/table>\n","protected":false},"excerpt":{"rendered":"<p>Ann\u00e9e 2023 Intitul\u00e9 Date Facult\u00e9\/Organisateur Lieu International Conference on Earth <span class=\"readmore\"><a href=\"https:\/\/vrrelex.usthb.dz\/index.php\/formulaires-a-telecharger\/\">Lire Plus<\/a><\/span><\/p>\n","protected":false},"author":1,"featured_media":0,"parent":0,"menu_order":0,"comment_status":"closed","ping_status":"closed","template":"","meta":{"footnotes":""},"_links":{"self":[{"href":"https:\/\/vrrelex.usthb.dz\/index.php\/wp-json\/wp\/v2\/pages\/62"}],"collection":[{"href":"https:\/\/vrrelex.usthb.dz\/index.php\/wp-json\/wp\/v2\/pages"}],"about":[{"href":"https:\/\/vrrelex.usthb.dz\/index.php\/wp-json\/wp\/v2\/types\/page"}],"author":[{"embeddable":true,"href":"https:\/\/vrrelex.usthb.dz\/index.php\/wp-json\/wp\/v2\/users\/1"}],"replies":[{"embeddable":true,"href":"https:\/\/vrrelex.usthb.dz\/index.php\/wp-json\/wp\/v2\/comments?post=62"}],"version-history":[{"count":57,"href":"https:\/\/vrrelex.usthb.dz\/index.php\/wp-json\/wp\/v2\/pages\/62\/revisions"}],"predecessor-version":[{"id":757,"href":"https:\/\/vrrelex.usthb.dz\/index.php\/wp-json\/wp\/v2\/pages\/62\/revisions\/757"}],"wp:attachment":[{"href":"https:\/\/vrrelex.usthb.dz\/index.php\/wp-json\/wp\/v2\/media?parent=62"}],"curies":[{"name":"wp","href":"https:\/\/api.w.org\/{rel}","templated":true}]}}