{"id":60,"date":"2023-09-06T13:08:15","date_gmt":"2023-09-06T13:08:15","guid":{"rendered":"http:\/\/193.194.89.33\/VERELEX\/?page_id=60"},"modified":"2023-10-08T08:32:58","modified_gmt":"2023-10-08T08:32:58","slug":"dossier-a-fournir","status":"publish","type":"page","link":"https:\/\/vrrelex.usthb.dz\/index.php\/dossier-a-fournir\/","title":{"rendered":"Dossier \u00e0 Fournir"},"content":{"rendered":"\n<p><strong>Documents \u00e0 Fournir pour le Dossier de Manifestation Scientifique&nbsp;:<\/strong><\/p>\n\n\n\n<p><strong>&nbsp;(2 exemplaires)<\/strong><strong><\/strong><\/p>\n\n\n\n<ul>\n<li><strong>Manifestation Scientifique Nationale&nbsp;:<\/strong><\/li>\n\n\n\n<li>Une demande adress\u00e9e au Vice-Recteur Charg\u00e9 des Relations Ext\u00e9rieures, de la Coop\u00e9ration, de l\u2019Animation et de la Communication et Manifestation Scientifique sous couvert du doyen(ne) de la facult\u00e9.<\/li>\n\n\n\n<li>Lettre d\u2019Engagement (Informer qu\u2019aucun Etranger ne sera Invit\u00e9 \u00e0 la Conf\u00e9rence).<\/li>\n\n\n\n<li>Extrait du Proc\u00e8s \u2013Verbal du Conseil Scientifique.<\/li>\n\n\n\n<li>Fiche Programme Scientifique.<\/li>\n\n\n\n<li><a href=\"http:\/\/193.194.89.33\/VERELEX\/wp-content\/uploads\/2023\/10\/\u0628\u0637\u0627\u0642\u0629-\u062a\u0642\u0646\u064a\u0629-\u0645\u0646-\u0623\u062c\u0644-\u062a\u0646\u0638\u064a\u0645-\u062a\u0638\u0627\u0647\u0631\u0629-\u0639\u0644\u0645\u064a\u0629.xlsx\">Fiche Technique<\/a>.<\/li>\n\n\n\n<li>D\u00e9pliant.<\/li>\n\n\n\n<li>Formulaire de Renseignement Relatif \u00e0 la Demande d\u2019Organisation d\u2019une Manifestation Scientifique.<\/li>\n<\/ul>\n\n\n\n<ul>\n<li><strong>Manifestation Scientifique Internationale&nbsp;:<\/strong><\/li>\n\n\n\n<li>Une demande adress\u00e9e au Vice-Recteur Charg\u00e9 des Relations Ext\u00e9rieures, de la Coop\u00e9ration, de l\u2019Animation et de la Communication et Manifestation Scientifique sous couvert du doyen(ne) de la facult\u00e9.<\/li>\n\n\n\n<li>Extrait du Proc\u00e8s \u2013Verbal du Conseil Scientifique.<\/li>\n\n\n\n<li>Fiche Programme Scientifique.<\/li>\n\n\n\n<li><a href=\"http:\/\/193.194.89.33\/VERELEX\/wp-content\/uploads\/2023\/10\/\u0628\u0637\u0627\u0642\u0629-\u062a\u0642\u0646\u064a\u0629-\u0645\u0646-\u0623\u062c\u0644-\u062a\u0646\u0638\u064a\u0645-\u062a\u0638\u0627\u0647\u0631\u0629-\u0639\u0644\u0645\u064a\u0629.xlsx\">Fiche Technique<\/a>.<\/li>\n\n\n\n<li>Liste des gens \u00e9trangers avec leurs num\u00e9ros de passeport. (<strong>au minimum 5 pays \u00e9trangers)<\/strong><\/li>\n\n\n\n<li>D\u00e9pliant.<\/li>\n\n\n\n<li>Formulaire de Renseignement Relatif \u00e0 la Demande d\u2019Organisation d\u2019une Manifestation Scientifique.<\/li>\n<\/ul>\n\n\n\n<ul>\n<li><strong>D\u00e9p\u00f4t de dossier 12 Mois avant la Date de Manifestation Scientifique.<\/strong><\/li>\n\n\n\n<li><strong>Veuillez remettre un bilan en format papier et CD apr\u00e8s chaque manifestation.<\/strong><\/li>\n<\/ul>\n\n\n\n<p><strong><u>NB.<\/u><\/strong>&nbsp;: <strong>Tout dossier incomplet ou r\u00e9ceptionn\u00e9 hors d\u00e9lais est irrecevable<\/strong>.<\/p>\n","protected":false},"excerpt":{"rendered":"<p>Documents \u00e0 Fournir pour le Dossier de Manifestation Scientifique&nbsp;: &nbsp;(2 <span class=\"readmore\"><a href=\"https:\/\/vrrelex.usthb.dz\/index.php\/dossier-a-fournir\/\">Lire Plus<\/a><\/span><\/p>\n","protected":false},"author":1,"featured_media":0,"parent":0,"menu_order":0,"comment_status":"closed","ping_status":"closed","template":"","meta":{"footnotes":""},"_links":{"self":[{"href":"https:\/\/vrrelex.usthb.dz\/index.php\/wp-json\/wp\/v2\/pages\/60"}],"collection":[{"href":"https:\/\/vrrelex.usthb.dz\/index.php\/wp-json\/wp\/v2\/pages"}],"about":[{"href":"https:\/\/vrrelex.usthb.dz\/index.php\/wp-json\/wp\/v2\/types\/page"}],"author":[{"embeddable":true,"href":"https:\/\/vrrelex.usthb.dz\/index.php\/wp-json\/wp\/v2\/users\/1"}],"replies":[{"embeddable":true,"href":"https:\/\/vrrelex.usthb.dz\/index.php\/wp-json\/wp\/v2\/comments?post=60"}],"version-history":[{"count":4,"href":"https:\/\/vrrelex.usthb.dz\/index.php\/wp-json\/wp\/v2\/pages\/60\/revisions"}],"predecessor-version":[{"id":264,"href":"https:\/\/vrrelex.usthb.dz\/index.php\/wp-json\/wp\/v2\/pages\/60\/revisions\/264"}],"wp:attachment":[{"href":"https:\/\/vrrelex.usthb.dz\/index.php\/wp-json\/wp\/v2\/media?parent=60"}],"curies":[{"name":"wp","href":"https:\/\/api.w.org\/{rel}","templated":true}]}}