{"id":54,"date":"2023-09-06T13:06:40","date_gmt":"2023-09-06T13:06:40","guid":{"rendered":"http:\/\/193.194.89.33\/VERELEX\/?page_id=54"},"modified":"2025-01-15T10:58:41","modified_gmt":"2025-01-15T10:58:41","slug":"partenariats-avec-les-etablissements-universitaires","status":"publish","type":"page","link":"https:\/\/vrrelex.usthb.dz\/index.php\/partenariats-avec-les-etablissements-universitaires\/","title":{"rendered":"Partenariats avec les Etablissements Universitaires"},"content":{"rendered":"\n<h2 class=\"wp-block-heading\">conventions 2024<\/h2>\n\n\n\n<table class=\"table-style\">\n \n        <thead>\n<head>\n<style>\n*, ::before, ::after {\n    box-sizing: border-box;\n    margin: 0; \n    padding: 0;\n}\n\nbody {\n   \n padding: 18px;\n    font-family: Arial, Helvetica, sans-serif;\n    background: #fff;\n    display: flex;\n    justify-content: center;\n    align-items: center;\n}\n\n.table-style  {\n    border-collapse: collapse;\n    box-shadow: 0 5px 50px rgba(0,0,0,0.15);\n    cursor: pointer;\n    margin: 0px auto;\n    border: 2px solid midnightblue;\n}\n\nthead tr {\n    background-color: midnightblue;\n    color: #fff;\n    text-align: left;\n}\n\nth, td {\n    padding: 15px 20px;\n    text-align: center;\n}\n\ntbody tr, td, th {\n    border: 1px solid #ddd;\n}\n\ntbody tr:nth-child(even){\n    background-color: #f3f3f3;\n}\n\n@media screen and (max-width: 550px) {\n  body {\n    align-items: flex-start;\n  }\n  .table-style  {\n    width: 100%;\n    margin: 0px;\n    font-size: 10px;\n  }\n  th, td {\n    padding: 10px 7px;\n}\n\n}\n<\/head>\n<\/style>\n            <tr>\n                \n                <th style=\"width: 44%;\">Entre l&#8217;USTHB et&#8230;.<\/th>\n                <th style=\"width: 11%;\">Dur\u00e9e<\/th>\n                <th style=\"width: 20%;\">Contact Exterieur<\/th>\n                <th style=\"width: 25%;\">Adresse<\/th>\n               \n            <\/tr>\n        <\/thead>\n        \n\n        <tbody>\n <tr>\n                \n                <td>Ecole Nationale Sup\u00e9rieure de Technologies des Syst\u00e8mes Autonomes-ENSTSA <\/td>\n                <td>5ans<\/td>\n                <td> Dr. Kamel BOUDJIT<\/td>\n                <td>Pole scientifique et technologique -Chahid Abdelhafid Ihaddadene<\/td>\n                \n            <\/tr>\n <tr>\n                \n                <td>Centre des Techniques Spatiales\/Agence Spatiale Alg\u00e9rienne(CTS)<\/td>\n                <td>3ans<\/td>\n                <td> Dr. MAHI Habib<\/td>\n                <td>1 Avenue de la Palestine,BP13,31200 Arzew<\/td>\n                \n            <\/tr>\n <tr>\n                \n                <td>Le centre de Recherche en Astronomie, Astrophysique et G\u00e9ophysique(CRAAG)<\/td>\n                <td>5ans<\/td>\n                <td> Pr. Hamoud BELDJOUDI<\/td>\n                <td>Route de l&#8217;observatoire, Bouzar\u00e9ah, Alger<\/td>\n                \n            <\/tr>\n <tr>\n                 \n                <td>Centre de Recherche en Environnement(CRE)<\/td>\n                <td>5ans<\/td>\n                <td>MAAMCHA Zihad BOUSLAMA<\/td>\n                <td>Ch\u00e2teau Alzon, Rue BOUGHAZI Said, Annaba, Alg\u00e9rie<\/td>\n                \n            <\/tr>\n  <tr>\n                  \n                <td>LE CENTE DE RECHERCHE SCIENTIFIQUE ET TECNIQUE POUR LE\nDEVELOPPEMENT DE LA LANGUE ARABE<\/td>\n                <td>3ans<\/td>\n                <td>Directrice HAMDANI Ghania<\/td>\n                <td>1 rue Djamal Eddine EL-Afghani BP :225 Rostomia-Bouzareah, Alger-16011, Tel 023 18 00 941 95,Fax 023 l8 00 97<\/td>\n                \n            <\/tr>\n            <tr>\n                 \n                <td>Ecole Nationale Sup\u00e9rieure des Technologies Avanc\u00e9es (ENSTA)<\/td>\n                <td>3ans<\/td>\n                <td>Pr. Mohamed Amine RIAHLA<\/td>\n                <td>Cit\u00e9 Diplomatique, ex. Centre Biom\u00e9dical Dergana, Bordj El Kiffan, Alger, Alg\u00e9rie, Tel :\n023.79.7L.L8, Fax :023.79.7120<\/td>\n                \n            <\/tr>\n           \n           \n \n\n\n<\/FONT>\n        <\/tbody>\n\n    <\/table>\n\n\n\n<h2 class=\"wp-block-heading\">Conventions 2023<\/h2>\n\n\n\n<table class=\"table-style\">\n \n        <thead>\n<head>\n<style>\n*, ::before, ::after {\n    box-sizing: border-box;\n    margin: 0; \n    padding: 0;\n}\n\nbody {\n   \n padding: 18px;\n    font-family: Arial, Helvetica, sans-serif;\n    background: #fff;\n    display: flex;\n    justify-content: center;\n    align-items: center;\n}\n\n.table-style  {\n    border-collapse: collapse;\n    box-shadow: 0 5px 50px rgba(0,0,0,0.15);\n    cursor: pointer;\n    margin: 0px auto;\n    border: 2px solid midnightblue;\n}\n\nthead tr {\n    background-color: midnightblue;\n    color: #fff;\n    text-align: left;\n}\n\nth, td {\n    padding: 15px 20px;\n    text-align: center;\n}\n\ntbody tr, td, th {\n    border: 1px solid #ddd;\n}\n\ntbody tr:nth-child(even){\n    background-color: #f3f3f3;\n}\n\n@media screen and (max-width: 550px) {\n  body {\n    align-items: flex-start;\n  }\n  .table-style  {\n    width: 100%;\n    margin: 0px;\n    font-size: 10px;\n  }\n  th, td {\n    padding: 10px 7px;\n}\n\n}\n<\/head>\n<\/style>\n            <tr>\n                <th style=\"width: 8%;\">N\u00b0<\/th>\n                <th style=\"width: 40%;\">Entre l&#8217;USTHB et&#8230;.<\/th>\n                <th style=\"width: 11%;\">Dur\u00e9e<\/th>\n                <th style=\"width: 18%;\">Contact Exterieur<\/th>\n                <th style=\"width: 23%;\">Adresse<\/th>\n               \n            <\/tr>\n        <\/thead>\n        \n\n        <tbody>\n\n            <tr>\n                 <td> 1<\/td> \n                <td>L&#8217;Ecole Polytechnique d&#8217;Architecture et d&#8217;Urbanisme (EPAU)<\/td>\n                <td>5ans<\/td>\n                <td>Kahina- Amal DJIAR<\/td>\n                <td>El-Harrach,16200, Alger, Alg\u00e9rie<\/td>\n                \n            <\/tr>\n            <tr>\n                 <td>2<\/td>\n                <td>Universit\u00e9 Oran 2 Mahamed Ben Ahmed\t\t<\/td>\n                <td>5ans<\/td>\n                <td>BALASKA Smail<\/td>\n                <td><\/td>\n              \n            <\/tr>\n            <tr>\n                <td>3<\/td>\n                <td>Universit\u00e9 Alger 2 Abou El Kacem SAADALLAH\t  <\/td>\n                <td>1an\t<\/td>\n                <td>BOUMAIZA Said <\/td>\n                <td><\/td>\n               \n            <\/tr>\n            <tr>\n              <td> 4<\/td>\n                <td>L&#8217;Ecole Normale Sup\u00e9rieure des Sourds-Muets<\/td>\n                <td>5ans<\/td>\n                <td>Fethi Zeghar<\/td>\n                <td>Rue Ibrahim HADJRESS, Route de Beni Messous<\/td>\n                \n            <\/tr>\n            <tr>\n                <td>5<\/td>\n                <td>Le Centre National de Recherche et de\nD\u00e9veloppement de la CNRDPA P\u00eache et de L&#8217;Aquaculture <\/td>\n                <td>03 ans<\/td> \n                <td>Nabil BOUFLIH<\/td>\n                <td><\/td>\n                \n            <\/tr>\n <tr>\n              <td>6<\/td>\n                <td> ANVREDET L&#8217;Agence Nationale de Valorisation Des R\u00e9sultats de la Recherche et du D\u00e9veloppement Technologique<\/td>\n                <td> 1an<\/td>\n                <td>Nadjib DROUICHE<\/td>\n                <td>11, chemin Doudou MOKHTAR, Ben Aknoun<\/td>\n            \n            <\/tr>\n <tr>\n                <td> 7<\/td>\n                <td> CDER Centre de D\u00e9veloppement des Energies Renouvelable<\/td>\n                <td>03 ans<\/td>\n                <td>Amar HADJ ARAB<\/td>\n                <td>BP. 62 Route de l&#8217;Observatoire Bouzar\u00e9ah &#8211; Alger, Alg\u00e9rie<\/td>\n               \n  <\/tr>\n   <td> 8<\/td>\n                <td> \u00c9cole Sup\u00e9rieure des Sciences de l&#8217;Aliment et des Industries Agroalimentaires  ESSAIA<\/td>\n                <td>01 ans<\/td>\n                <td>Dr AISSIOU Mohammed  Yehya El Amin<\/td>\n                <td>Route de Beaulieu ,El Harrach 16200-Alger<\/td>\n               \n  <\/tr>\n <tr>\n                 <td> 9<\/td> \n                <td>Institut Alg\u00e9rien de formation en G\u00e9nie Nucl\u00e9aire<\/td>\n                <td>3ans<\/td>\n                <td>Mokhtar ABBACI<\/td>\n                <td>BP D61 , Route Sebala, Sebala, Draria, Alger, Alg\u00e9rie\nT\u00e9l \/Fax : 023 12 81 79\/023 12 81 82<\/td>\n                \n            <\/tr>\n\n\n<\/FONT>\n        <\/tbody>\n\n    <\/table>\n\n\n\n<h2 class=\"wp-block-heading\">Conventions 2022<\/h2>\n\n\n\n<table class=\"table-style\">\n \n        <thead>\n<head>\n<style>\n*, ::before, ::after {\n    box-sizing: border-box;\n    margin: 0; \n    padding: 0;\n}\n\nbody {\n   \n padding: 18px;\n    font-family: Arial, Helvetica, sans-serif;\n    background: #fff;\n    display: flex;\n    justify-content: center;\n    align-items: center;\n}\n\n.table-style  {\n    border-collapse: collapse;\n    box-shadow: 0 5px 50px rgba(0,0,0,0.15);\n    cursor: pointer;\n    margin: 0px auto;\n    border: 2px solid midnightblue;\n}\n\nthead tr {\n    background-color: midnightblue;\n    color: #fff;\n    text-align: left;\n}\n\nth, td {\n    padding: 15px 20px;\n    text-align: center;\n}\n\ntbody tr, td, th {\n    border: 1px solid #ddd;\n}\n\ntbody tr:nth-child(even){\n    background-color: #f3f3f3;\n}\n\n@media screen and (max-width: 550px) {\n  body {\n    align-items: flex-start;\n  }\n  .table-style  {\n    width: 100%;\n    margin: 0px;\n    font-size: 10px;\n  }\n  th, td {\n    padding: 10px 7px;\n}\n\n}\n<\/head>\n<\/style>\n            <tr>\n                <th style=\"width: 8%;\">N\u00b0<\/th>\n                <th style=\"width: 40%;\">Entre l&#8217;USTHB et&#8230;.<\/th>\n                <th style=\"width: 11%;\">Dur\u00e9e<\/th>\n                <th style=\"width: 18%;\">Contact Exterieur<\/th>\n                <th style=\"width: 23%;\">Adresse<\/th>\n               \n            <\/tr>\n        <\/thead>\n        \n\n        <tbody>\n            <tr>\n                 <td> 1<\/td> \n                <td>M.E.S.R.S<\/td>\n                <td>4ans<\/td>\n                <td>Tahar BENABID<\/td>\n                <td>la Cit\u00e9 Diplomatique ,Ex biom\u00e9dical, Dergana(Alger)<\/td>\n                \n            <\/tr>\n            <tr>\n                 <td>2<\/td>\n                <td>L&#8217;Ecole Nationale Sup\u00e9rieure de Technologie E.N.S.T.<\/td>\n                <td>4 ans<\/td>\n                <td><\/td>\n                <td><\/td>\n              \n            <\/tr>\n            <tr>\n                <td>3<\/td>\n                <td>L&#8217;Ecole Normale Sup\u00e9rieure E.N.S. <\/td>\n                <td>3an\t<\/td>\n                <td> Razika MEHDAOUI <\/td>\n                <td>Kouba<\/td>\n               \n            <\/tr>\n \n\n\n<\/FONT>\n        <\/tbody>\n\n    <\/table>\n\n\n\n<h2 class=\"wp-block-heading\">Conventions 2021<\/h2>\n\n\n\n<table class=\"table-style\">\n \n        <thead>\n<head>\n<style>\n*, ::before, ::after {\n    box-sizing: border-box;\n    margin: 0; \n    padding: 0;\n}\n\nbody {\n   \n padding: 18px;\n    font-family: Arial, Helvetica, sans-serif;\n    background: #fff;\n    display: flex;\n    justify-content: center;\n    align-items: center;\n}\n\n.table-style  {\n    border-collapse: collapse;\n    box-shadow: 0 5px 50px rgba(0,0,0,0.15);\n    cursor: pointer;\n    margin: 0px auto;\n    border: 2px solid midnightblue;\n}\n\nthead tr {\n    background-color: midnightblue;\n    color: #fff;\n    text-align: left;\n}\n\nth, td {\n    padding: 15px 20px;\n    text-align: center;\n}\n\ntbody tr, td, th {\n    border: 1px solid #ddd;\n}\n\ntbody tr:nth-child(even){\n    background-color: #f3f3f3;\n}\n\n@media screen and (max-width: 550px) {\n  body {\n    align-items: flex-start;\n  }\n  .table-style  {\n    width: 100%;\n    margin: 0px;\n    font-size: 10px;\n  }\n  th, td {\n    padding: 10px 7px;\n}\n\n}\n<\/head>\n<\/style>\n            <tr>\n                <th style=\"width: 8%;\">N\u00b0<\/th>\n                <th style=\"width: 40%;\">Entre l&#8217;USTHB et&#8230;.<\/th>\n                <th style=\"width: 11%;\">Dur\u00e9e<\/th>\n                <th style=\"width: 18%;\">Contact Exterieur<\/th>\n                <th style=\"width: 23%;\">Adresse<\/th>\n               \n            <\/tr>\n        <\/thead>\n        \n\n        <tbody>\n            <tr>\n                 <td> 1<\/td> \n                <td>L\u2019Ecole Nationale Sup\u00e9rieure d\u2019Hydraulique ENSH<\/td>\n                <td>5ans<\/td>\n                <td>Abdelhamid  HEBBOUCHE<\/td>\n                <td><\/td>\n                \n            <\/tr>\n            <tr>\n                 <td>2<\/td>\n                <td>L\u2019Ecole Sup\u00e9rieure de la D\u00e9fense A\u00e9rienne du Territoire ALI CHABATI<\/td>\n                <td>5 ans<\/td>\n                <td>Lotfi BENBATOUCHE <\/td>\n                <td><\/td>\n              \n            <\/tr>\n            <tr>\n                <td>3<\/td>\n                <td>Ecole Sup\u00e9rieure des Sciences Appliqu\u00e9es d\u2019Alger \u04bcSSA <\/td>\n                <td>3an\t<\/td>\n                <td> Seddik HADJI<\/td>\n                <td>lyc\u00e9e l&#8217;Emir Abdelkader, Bab El Oued, Alger<\/td>\n               \n            <\/tr>\n \n\n\n<\/FONT>\n        <\/tbody>\n\n    <\/table>\n\n\n\n<h2 class=\"wp-block-heading\">Conventions 2020<\/h2>\n\n\n\n<table class=\"table-style\">\n \n        <thead>\n<head>\n<style>\n*, ::before, ::after {\n    box-sizing: border-box;\n    margin: 0; \n    padding: 0;\n}\n\nbody {\n   \n padding: 18px;\n    font-family: Arial, Helvetica, sans-serif;\n    background: #fff;\n    display: flex;\n    justify-content: center;\n    align-items: center;\n}\n\n.table-style  {\n    border-collapse: collapse;\n    box-shadow: 0 5px 50px rgba(0,0,0,0.15);\n    cursor: pointer;\n    margin: 0px auto;\n    border: 2px solid midnightblue;\n}\n\nthead tr {\n    background-color: midnightblue;\n    color: #fff;\n    text-align: left;\n}\n\nth, td {\n    padding: 15px 20px;\n    text-align: center;\n}\n\ntbody tr, td, th {\n    border: 1px solid #ddd;\n}\n\ntbody tr:nth-child(even){\n    background-color: #f3f3f3;\n}\n\n@media screen and (max-width: 550px) {\n  body {\n    align-items: flex-start;\n  }\n  .table-style  {\n    width: 100%;\n    margin: 0px;\n    font-size: 10px;\n  }\n  th, td {\n    padding: 10px 7px;\n}\n\n}\n<\/head>\n<\/style>\n            <tr>\n                <th style=\"width: 8%;\">N\u00b0<\/th>\n                <th style=\"width: 40%;\">Entre l&#8217;USTHB et&#8230;.<\/th>\n                <th style=\"width: 11%;\">Dur\u00e9e<\/th>\n                <th style=\"width: 18%;\">Contact Exterieur<\/th>\n                <th style=\"width: 23%;\">Adresse<\/th>\n               \n            <\/tr>\n        <\/thead>\n        \n\n        <tbody>\n            <tr>\n                 <td> 1<\/td> \n                <td>Centre Universitaire A.Boussouf de Mila<\/td>\n                <td>5ans<\/td>\n                <td><\/td>\n                <td>Mila<\/td>\n                \n            <\/tr>\n            <tr>\n                 <td>2<\/td>\n                <td>Universit\u00e9 Djllali l\u2019Yab\u00e8ss de  Sidi Bel Abb\u00e8s<\/td>\n                <td>3 ans<\/td>\n                <td>Mourad MEGHACHOU<\/td>\n                <td><\/td>\n              \n            <\/tr>\n            <tr>\n                <td>3<\/td>\n                <td>C.N.R.P.A.H. Centre National de Recherches Pr\u00e9historiques,Anthropologiques et Historiques ,Alger<\/td>\n                <td>3an\t<\/td>\n                <td> Farid KHERBOUCHE<\/td>\n                <td><\/td>\n               \n            <\/tr>\n     <tr>\n                <td>4<\/td>\n                <td>Centre de Recherche Scientifique et Technique pour le D\u00e9veloppement de la Langue Arabe\nr<\/td>\n                <td>3an\t<\/td>\n                <td> Mourad ABBAS<\/td>\n                <td>1,Rue Djamel Eddine El-Afghani B,P:225, Rostomia-Bouzareah Alger-16011\n<\/td>\n               \n            <\/tr>\n     <tr>\n                <td>5<\/td>\n                <td>Le centre militaire  de l\u2019ing\u00e9nierie et du d\u00e9veloppement des infrastructures-1\u00b0RM<\/td>\n                <td>5an\t<\/td>\n                <td>  Khaled KACEM<\/td>\n                <td>106:Rue MOGHNI BOUDJEMAA,Hussein Dey,CP 16005,Alger<\/td>\n               \n            <\/tr>\n     <tr>\n                <td>6<\/td>\n                <td>Centre Universitaire de Tamanrasset<\/td>\n                <td>5an\t<\/td>\n                <td>Abdelghani CHOUCHA<\/td>\n                <td><\/td>\n               \n            <\/tr>\n\n\n<\/FONT>\n        <\/tbody>\n\n    <\/table>\n\n\n\n<h2 class=\"wp-block-heading\">Conventions 2019<\/h2>\n\n\n\n<table class=\"table-style\">\n \n        <thead>\n<head>\n<style>\n*, ::before, ::after {\n    box-sizing: border-box;\n    margin: 0; \n    padding: 0;\n}\n\nbody {\n   \n padding: 18px;\n    font-family: Arial, Helvetica, sans-serif;\n    background: #fff;\n    display: flex;\n    justify-content: center;\n    align-items: center;\n}\n\n.table-style  {\n    border-collapse: collapse;\n    box-shadow: 0 5px 50px rgba(0,0,0,0.15);\n    cursor: pointer;\n    margin: 0px auto;\n    border: 2px solid midnightblue;\n}\n\nthead tr {\n    background-color: midnightblue;\n    color: #fff;\n    text-align: left;\n}\n\nth, td {\n    padding: 15px 20px;\n    text-align: center;\n}\n\ntbody tr, td, th {\n    border: 1px solid #ddd;\n}\n\ntbody tr:nth-child(even){\n    background-color: #f3f3f3;\n}\n\n@media screen and (max-width: 550px) {\n  body {\n    align-items: flex-start;\n  }\n  .table-style  {\n    width: 100%;\n    margin: 0px;\n    font-size: 10px;\n  }\n  th, td {\n    padding: 10px 7px;\n}\n\n}\n<\/head>\n<\/style>\n            <tr>\n                <th style=\"width: 8%;\">N\u00b0<\/th>\n                <th style=\"width: 40%;\">Entre l&#8217;USTHB et&#8230;.<\/th>\n                <th style=\"width: 11%;\">Dur\u00e9e<\/th>\n                <th style=\"width: 18%;\">Contact Exterieur<\/th>\n                <th style=\"width: 23%;\">Adresse<\/th>\n               \n            <\/tr>\n        <\/thead>\n        \n\n        <tbody>\n            <tr>\n                 <td> 1<\/td> \n                <td>Universit\u00e9 Mohamed Khider-Biskra<\/td>\n                <td>4ans<\/td>\n                <td>Med Seif Allah KECHEBAR<\/td>\n                <td>Campus Universitaire, Med Kheider, BP 1682 RP BISKRA 07000 &#8211; Alg\u00e9rie<\/td>\n                \n            <\/tr>\n            <tr>\n                 <td>2<\/td>\n                <td>Agence Th\u00e9matique De Recherche En Science Et Technologie (ATRST)<\/td>\n                <td><\/td>\n                <td>Samira CHADER<\/td>\n                <td>Avenue Pasteur,ENSA ex INA Belfort, b,p 62- Hac\u00e9ne Badi, El Harrach-Alger<\/td>\n              \n            <\/tr>\n            <tr>\n                <td>3<\/td>\n                <td>\u00c9cole nationale pr\u00e9paratoire aux \u00e9tudes d\u2019ing\u00e9niorat BADJI MOKHTAR<\/td>\n                <td>5an\t<\/td>\n                <td><\/td>\n                <td><\/td>\n               \n            <\/tr>\n     <tr>\n                <td>4<\/td>\n                <td>Agence Nationale des D\u00e9chets (AND)<\/td>\n                <td>5an\t<\/td>\n                <td> Mohamed Karim OUAMANE <\/td>\n                <td>34,Rue des Fusill\u00e9s,Mohamed Belouizdad,Alger,16000<\/td>\n               \n            <\/tr>\n     <tr>\n                <td>5<\/td>\n                <td>\u00c9cole Sup\u00e9rieure du Mat\u00e9riel D\u00e9funt Moudjahid EL- CHEIKH AMOUD BEN-EL MOKHTAR El Harrach \u00ab Minist\u00e8re de La D\u00e9fense Nationale \u00bb<\/td>\n                <td>5an\t<\/td>\n                <td> <\/td>\n                <td><\/td>\n               \n            <\/tr>\n     <tr>\n                <td>6<\/td>\n                <td>Agence Th\u00e9matique De Recherche En Science Et Technologie (ATRST), Le Centre De Recherche Scientifique Et Technique En Analyses Physico-chimique <\/td>\n                <td><\/td>\n                <td> Salim HASSANI (EtablissementA) ET Khaldoun BACHARI (Etablissement B)<\/td>\n                <td><\/td>\n               \n            <\/tr>\n\n\n<\/FONT>\n        <\/tbody>\n\n    <\/table>\n","protected":false},"excerpt":{"rendered":"<p>conventions 2024 Entre l&#8217;USTHB et&#8230;. Dur\u00e9e Contact Exterieur Adresse Ecole <span class=\"readmore\"><a href=\"https:\/\/vrrelex.usthb.dz\/index.php\/partenariats-avec-les-etablissements-universitaires\/\">Lire Plus<\/a><\/span><\/p>\n","protected":false},"author":1,"featured_media":0,"parent":0,"menu_order":0,"comment_status":"closed","ping_status":"closed","template":"","meta":{"footnotes":""},"_links":{"self":[{"href":"https:\/\/vrrelex.usthb.dz\/index.php\/wp-json\/wp\/v2\/pages\/54"}],"collection":[{"href":"https:\/\/vrrelex.usthb.dz\/index.php\/wp-json\/wp\/v2\/pages"}],"about":[{"href":"https:\/\/vrrelex.usthb.dz\/index.php\/wp-json\/wp\/v2\/types\/page"}],"author":[{"embeddable":true,"href":"https:\/\/vrrelex.usthb.dz\/index.php\/wp-json\/wp\/v2\/users\/1"}],"replies":[{"embeddable":true,"href":"https:\/\/vrrelex.usthb.dz\/index.php\/wp-json\/wp\/v2\/comments?post=54"}],"version-history":[{"count":41,"href":"https:\/\/vrrelex.usthb.dz\/index.php\/wp-json\/wp\/v2\/pages\/54\/revisions"}],"predecessor-version":[{"id":1354,"href":"https:\/\/vrrelex.usthb.dz\/index.php\/wp-json\/wp\/v2\/pages\/54\/revisions\/1354"}],"wp:attachment":[{"href":"https:\/\/vrrelex.usthb.dz\/index.php\/wp-json\/wp\/v2\/media?parent=54"}],"curies":[{"name":"wp","href":"https:\/\/api.w.org\/{rel}","templated":true}]}}