{"id":52,"date":"2023-09-06T13:05:42","date_gmt":"2023-09-06T13:05:42","guid":{"rendered":"http:\/\/193.194.89.33\/VERELEX\/?page_id=52"},"modified":"2023-10-25T14:16:44","modified_gmt":"2023-10-25T14:16:44","slug":"perfectionnement-a-letranger","status":"publish","type":"page","link":"https:\/\/vrrelex.usthb.dz\/index.php\/perfectionnement-a-letranger\/","title":{"rendered":"Perfectionnement \u00e0 l&#8217;Etranger"},"content":{"rendered":"\n<p><strong><u>Perfectionnement \u00e0 l\u2019\u00e9tranger de courte dur\u00e9e (Inf\u00e9rieure ou \u00e9gale \u00e0 06 mois)<\/u><\/strong><strong><u><\/u><\/strong><\/p>\n\n\n\n<p>La formation de courte dur\u00e9e ou le perfectionnement \u00e0 l\u2019\u00e9tranger est organis\u00e9 pour une dur\u00e9e inf\u00e9rieure ou \u00e9gale \u00e0 06 mois.<\/p>\n\n\n\n<p>Le b\u00e9n\u00e9ficiaire d\u2019un perfectionnement \u00e0 l\u2019\u00e9tranger ouvre droit \u00e0 la prise en charge par l\u2019administration ou l\u2019\u00e9tablissement concern\u00e9 avant son d\u00e9part :<\/p>\n\n\n\n<ul>\n<li>&nbsp;&nbsp;&nbsp;&nbsp;A une indemnit\u00e9 convertible en devises dont le montant est fix\u00e9 par arr\u00eat\u00e9 conjoint du ministre des affaires \u00e9trang\u00e8res, du ministre charg\u00e9 des finances, du ministre charg\u00e9 de l\u2019enseignement sup\u00e9rieur et de l\u2019autorit\u00e9 charg\u00e9e de la fonction publique<\/li>\n\n\n\n<li>&nbsp;&nbsp;&nbsp;&nbsp;Aux frais de transport aller-retour vers le pays d\u2019accueil, par la voie la plus \u00e9conomique<\/li>\n<\/ul>\n\n\n\n<p><strong><u>Le perfectionnement \u00e0 l\u2019\u00e9tranger &nbsp;comprend :<\/u><\/strong><\/p>\n\n\n\n<p><strong>1.Les stages de perfectionnement <\/strong><\/p>\n\n\n\n<p>il est d\u00e9di\u00e9 au&nbsp;:<\/p>\n\n\n\n<ol type=\"1\">\n<li>Enseignants chercheurs pr\u00e9parant une th\u00e8se de doctorat ;<\/li>\n\n\n\n<li>Etudiants non-salari\u00e9s inscrits en deuxi\u00e8me ann\u00e9e de doctorat au moins&nbsp;<\/li>\n\n\n\n<li>Les ATS parmi les comp\u00e9tences titulaires d\u2019un dipl\u00f4me universitaire. (Cat\u00e9gorie &nbsp;\u2265 10).<\/li>\n<\/ol>\n\n\n\n<p>Dur\u00e9e&nbsp;: 15 jours&nbsp;\u00e0 30jours<\/p>\n\n\n\n<p>Dossier \u00e0 fournir<\/p>\n\n\n\n<p>Pour le Personnel administratif et technique :<\/p>\n\n\n\n<ul>\n<li><a href=\"http:\/\/193.194.89.33\/VERELEX\/wp-content\/uploads\/2023\/10\/Fiche_de_condidature.doc\">Fiche de candidature dument remplie et sign\u00e9e par &nbsp;l\u2019int\u00e9ress\u00e9 et vis\u00e9e par le vice-recteur<\/a><\/li>\n\n\n\n<li>Etat nominatif du b\u00e9n\u00e9ficiaire de stage<\/li>\n\n\n\n<li>Attestation de travail,<\/li>\n\n\n\n<li>arr\u00eat\u00e9 de Nomination<\/li>\n\n\n\n<li>Dipl\u00f4me universitaire,<\/li>\n\n\n\n<li>Projet de de stage vise par l\u2019autorit\u00e9 hi\u00e9rarchique<\/li>\n\n\n\n<li>Autorisation de stage sign\u00e9e par le responsable hi\u00e9rarchique<\/li>\n<\/ul>\n\n\n\n<p><strong><u>Au retour&nbsp;<\/u><\/strong><\/p>\n\n\n\n<p>&nbsp; D\u00e9poser:<\/p>\n\n\n\n<ul>\n<li>Rapport de stage vis\u00e9 par l\u2019\u00e9tablissement d\u2019accueil, d\u00e9finissant &nbsp;les objectifs, la m\u00e9thodologie et les impacts attendus, date et le lieu du stage, les personnes rencontr\u00e9es ;<\/li>\n\n\n\n<li>D\u00e9cision de stage vis\u00e9e par la police des fronti\u00e8res (PAF) en aller et retour.<\/li>\n<\/ul>\n\n\n\n<p><strong>2<\/strong>.<strong>Les s\u00e9jours scientifiques de haut niveau <\/strong><\/p>\n\n\n\n<p>il est d\u00e9di\u00e9 au\u00a0:<\/p>\n\n\n\n<ol type=\"1\">\n<li>Professeurs.<\/li>\n\n\n\n<li>Maitres de conf\u00e9rences classe A.<\/li>\n\n\n\n<li>Maitres de conf\u00e9rences classe B.<\/li>\n<\/ol>\n\n\n\n<p>Dur\u00e9e&nbsp;: 7 jours \u00e0&nbsp;15 jours<\/p>\n\n\n\n<p><strong>3.La participation aux manifestations scientifiques.<\/strong><\/p>\n\n\n\n<p>Il est d\u00e9di\u00e9 aux\u00a0:<\/p>\n\n\n\n<ol type=\"1\">\n<li>Professeurs.<\/li>\n\n\n\n<li>Ma\u00eetres de conf\u00e9rences classe A et classe B.<\/li>\n\n\n\n<li>Enseignants chercheurs pr\u00e9parant une th\u00e8se de doctorat.<\/li>\n\n\n\n<li>\u00c9tudiants non salaries pr\u00e9parant une th\u00e8se de doctorat \u00e0 compter de la deuxi\u00e8me inscription.<\/li>\n<\/ol>\n\n\n\n<p>&nbsp;&nbsp;&nbsp;&nbsp;&nbsp;&nbsp;&nbsp;&nbsp;&nbsp;&nbsp;&nbsp;&nbsp;&nbsp;&nbsp; Dur\u00e9e&nbsp;: \u22647 jours<\/p>\n","protected":false},"excerpt":{"rendered":"<p>Perfectionnement \u00e0 l\u2019\u00e9tranger de courte dur\u00e9e (Inf\u00e9rieure ou \u00e9gale \u00e0 <span class=\"readmore\"><a href=\"https:\/\/vrrelex.usthb.dz\/index.php\/perfectionnement-a-letranger\/\">Lire Plus<\/a><\/span><\/p>\n","protected":false},"author":1,"featured_media":0,"parent":0,"menu_order":0,"comment_status":"closed","ping_status":"closed","template":"","meta":{"footnotes":""},"_links":{"self":[{"href":"https:\/\/vrrelex.usthb.dz\/index.php\/wp-json\/wp\/v2\/pages\/52"}],"collection":[{"href":"https:\/\/vrrelex.usthb.dz\/index.php\/wp-json\/wp\/v2\/pages"}],"about":[{"href":"https:\/\/vrrelex.usthb.dz\/index.php\/wp-json\/wp\/v2\/types\/page"}],"author":[{"embeddable":true,"href":"https:\/\/vrrelex.usthb.dz\/index.php\/wp-json\/wp\/v2\/users\/1"}],"replies":[{"embeddable":true,"href":"https:\/\/vrrelex.usthb.dz\/index.php\/wp-json\/wp\/v2\/comments?post=52"}],"version-history":[{"count":4,"href":"https:\/\/vrrelex.usthb.dz\/index.php\/wp-json\/wp\/v2\/pages\/52\/revisions"}],"predecessor-version":[{"id":531,"href":"https:\/\/vrrelex.usthb.dz\/index.php\/wp-json\/wp\/v2\/pages\/52\/revisions\/531"}],"wp:attachment":[{"href":"https:\/\/vrrelex.usthb.dz\/index.php\/wp-json\/wp\/v2\/media?parent=52"}],"curies":[{"name":"wp","href":"https:\/\/api.w.org\/{rel}","templated":true}]}}