{"id":185,"date":"2023-09-17T10:23:49","date_gmt":"2023-09-17T10:23:49","guid":{"rendered":"http:\/\/193.194.89.33\/VERELEX\/?page_id=185"},"modified":"2023-10-10T08:25:45","modified_gmt":"2023-10-10T08:25:45","slug":"textes-reglementaires","status":"publish","type":"page","link":"https:\/\/vrrelex.usthb.dz\/index.php\/textes-reglementaires\/","title":{"rendered":"Textes R\u00e9glementaires"},"content":{"rendered":"\n<ul>\n<li><a href=\"http:\/\/193.194.89.33\/VERELEX\/wp-content\/uploads\/2023\/10\/DCRETP1.pdf\">D\u00e9cret pr\u00e9sidentiel n\u00b0 03 \u2013 309 du 14 Rajab 1424 correspondant au 11 septembre 2003 portant organisation et gestion de la formation et du perfectionnement \u00e0 l\u2019\u00e9tranger (J.O.R.A.D.P ann\u00e9e 2003, n\u00b056, pages 14- 18)<\/a><\/li>\n\n\n\n<li><a href=\"http:\/\/193.194.89.33\/VERELEX\/wp-content\/uploads\/2023\/10\/DCRETE1.pdf\">D\u00e9cret ex\u00e9cutif n\u00b0 96 \u2013 92 du 14 Chaoual 1416 correspondant au 3 mars 1996 relatif \u00e0 la formation, au perfectionnement et au recyclage des fonctionnaires . (J.O.R.A.D.P ann\u00e9e 1996, n\u00b0 16, pages 4 -7)<\/a><\/li>\n\n\n\n<li><a href=\"http:\/\/193.194.89.33\/VERELEX\/wp-content\/uploads\/2023\/10\/decret-executif-n\u00b0-04-17-du-29-Dou-El-kaada-1424-correspondant-au-22-janvier-2004-J.O.R.A.D.P-annee-2004-n\u00b0-06-pages-14-15.-Abroge.pdf\">d\u00e9cret ex\u00e9cutif n\u00b0 04-17 du 29 Dou El kaada 1424 correspondant au 22 janvier 2004 (J.O.R.A.D.P ann\u00e9e 2004, n\u00b0 06, pages 14 -15). (Abrog\u00e9)<\/a><\/li>\n\n\n\n<li><a href=\"http:\/\/193.194.89.33\/VERELEX\/wp-content\/uploads\/2023\/10\/DCRETP2.pdf\">D\u00e9cret pr\u00e9sidentiel n\u00b0 14 \u2013 196 du 8 Rajab 1435 correspondant au 6 juillet 2014 portant organisation et gestion de la formation et du perfectionnement \u00e0 l\u2019\u00e9tranger (J.O.R.A.D.P ann\u00e9e 2014, n\u00b0 42, pages 11- 15).<\/a><\/li>\n\n\n\n<li><a href=\"http:\/\/193.194.89.33\/VERELEX\/wp-content\/uploads\/2023\/10\/Arrete_n_1349_du_04-10-2022__\u0627\u0644\u0642\u0631\u0627\u0631_\u0627\u0644\u0630\u064a_\u064a\u062d\u062f\u062f_\u0645\u0639\u0627\u064a\u064a\u0631_\u0627\u0644\u0627\u0646\u062a\u0642\u0627\u0644_\u0644\u0644\u0642\u0628\u0648\u0644_\u0641\u064a_\u0628\u0631\u0645\u0627\u0645\u062c_\u0627\u0644\u062d\u0631\u0643\u064a\u0629_\u0642\u0635\u064a\u0631\u0629_\u0627\u0644\u0645\u062f\u0649_\u0641\u064a_\u0627\u0644\u062e\u0627\u0631\u062c.pdf\">Arr\u00eat\u00e9 <em>n_1349_du_04-10-2022_<\/em>\u0627\u0644\u0642\u0631\u0627\u0631<em>\u0627\u0644\u0630\u064a<\/em>\u064a\u062d\u062f\u062f<em>\u0645\u0639\u0627\u064a\u064a\u0631<\/em>\u0627\u0644\u0627\u0646\u062a\u0642\u0627\u0644<em>\u0644\u0644\u0642\u0628\u0648\u0644<\/em>\u0641\u064a<em>\u0628\u0631\u0645\u0627\u0645\u062c<\/em>\u0627\u0644\u062d\u0631\u0643\u064a\u0629<em>\u0642\u0635\u064a\u0631\u0629<\/em>\u0627\u0644\u0645\u062f\u0649<em>\u0641\u064a<\/em>\u0627\u0644\u062e\u0627\u0631\u062c<\/a><\/li>\n\n\n\n<li><a href=\"http:\/\/193.194.89.33\/VERELEX\/wp-content\/uploads\/2023\/10\/Arrete-n\u00b0-2010-du-29-decembre-2014-fixant-les-criteres-de-selection-dadmissibilite-au-programme-de-perfectionnement-a-letranger.pdf\">Arr\u00eat\u00e9 n\u00b0 2010 du 29 d\u00e9cembre 2014 fixant les crit\u00e8res de s\u00e9lection d\u2019admissibilit\u00e9 au programme de perfectionnement \u00e0 l\u2019\u00e9tranger<\/a><\/li>\n\n\n\n<li><a href=\"http:\/\/193.194.89.33\/VERELEX\/wp-content\/uploads\/2023\/10\/ARRTIN4.pdf\">Arr\u00eat\u00e9 interminist\u00e9riel du 25 Chaoual 1425 correspondant au 8 d\u00e9cembre 2004 fixant le montant de l\u2019allocation servie aux b\u00e9n\u00e9ficiaires du cong\u00e9 scientifique \u00e0 l\u2019\u00e9tranger et les conditions de son attribution<\/a><\/li>\n\n\n\n<li><a href=\"http:\/\/193.194.89.33\/VERELEX\/wp-content\/uploads\/2023\/10\/ARRTIN2.pdf\">Arr\u00eat\u00e9 interminist\u00e9riel du 30 Moharram 1433 correspondant au 25 d\u00e9cembre 2011, fixant les modalit\u00e9s d\u2019application des articles 6, 27 et 28 du d\u00e9cret pr\u00e9sidentieln\u00b0 03 \u2013 309 du 14 Rajab 1424 correspondant au 11 septemb<\/a>re<\/li>\n\n\n\n<li><a href=\"http:\/\/193.194.89.33\/VERELEX\/wp-content\/uploads\/2023\/10\/Arrete-interministeriel-du-24-Moharram-1436-correspondant-au-17-novembre-2014-fixant-le-montant-de-lallocation-servie-au-beneficiaire-du-conge-scientifique-a-letranger.pdf\">Arr\u00eat\u00e9 interminist\u00e9riel du 24 Moharram 1436 correspondant au 17 novembre 2014 fixant le montant de l\u2019allocation servie au b\u00e9n\u00e9ficiaire du cong\u00e9 scientifique \u00e0 l\u2019\u00e9tranger<\/a><\/li>\n\n\n\n<li><a href=\"http:\/\/193.194.89.33\/VERELEX\/wp-content\/uploads\/2023\/10\/ARRTIN1.pdf\">Arr\u00eat\u00e9 interminist\u00e9riel du 27 Rabie El Aouel 1425 correspondant au 17 mai 2004 d\u00e9terminant le montant de l\u2019indemnit\u00e9 convertible relative \u00e0 la formation et au perfectionnement de dur\u00e9e \u00e9gale ou inf\u00e9rieure \u00e0 six mois <\/a><\/li>\n\n\n\n<li><a href=\"http:\/\/193.194.89.33\/VERELEX\/wp-content\/uploads\/2023\/10\/ARRETE-1003.pdf\">Arr\u00eat\u00e9 1003 du 04 Aout 2022 Fixant les crit\u00e8res d&#8217;admissibilit\u00e9 au programme de mobilit\u00e9 de courte dur\u00e9e et de perfectionnement \u00e0 l&#8217;\u00e9tranger <\/a><\/li>\n\n\n\n<li><a href=\"http:\/\/193.194.89.33\/VERELEX\/wp-content\/uploads\/2023\/10\/Instruction-n\u00b0-01-du-08-janvier-2013-relative-au-perfectionnement-a-letranger.pdf\">Instruction n\u00b0 01 du 08 janvier 2013 relative au perfectionnement a l\u2019\u00e9tranger.<\/a><\/li>\n\n\n\n<li><a href=\"http:\/\/193.194.89.33\/VERELEX\/wp-content\/uploads\/2023\/10\/Instruction-n\u00b0-05-du-01-decembre-2015-relative-au-perfectionnement-a-letranger.pdf\">Instruction n\u00b0 05 du 01 d\u00e9cembre 2015 relative au perfectionnement \u00e0 l\u2019\u00e9tranger<\/a><\/li>\n\n\n\n<li><a href=\"http:\/\/193.194.89.33\/VERELEX\/wp-content\/uploads\/2023\/10\/Instruction-n-2-du-14-Juin-2017-relative-au-perfectionnement-a-letranger.pdf\">Instruction n 2 du 14 Juin 2017 relative au perfectionnement \u00e0 l&#8217;\u00e9tranger<\/a><\/li>\n\n\n\n<li><a href=\"http:\/\/193.194.89.33\/VERELEX\/wp-content\/uploads\/2023\/10\/instruction-N\u00b01-du-05-Avril-2017-relative-au-perfectionnement-a-letranger.pdf\">instruction N\u00b01 du 05 Avril 2017 relative au perfectionnement \u00e0 l&#8217;\u00e9tranger<\/a><\/li>\n<\/ul>\n\n\n\n<ul>\n<li><a href=\"http:\/\/193.194.89.33\/VERELEX\/wp-content\/uploads\/2023\/10\/Note-608-du-26102022-relative-a-lorganisation-dune-manifestation-scientifique.pdf\">Note 608 du 26102022 relative \u00e0 l&#8217;organisation d&#8217;une manifestation scientifique<\/a><\/li>\n\n\n\n<li><a href=\"http:\/\/193.194.89.33\/VERELEX\/wp-content\/uploads\/2023\/10\/Note-637-du-09052023-relative-a-lorganisation-et-au-financement-dune-manifestation-scientifique.pdf\">Note 637 du 09\/05\/2023 relative \u00e0 l&#8217;organisation et au financement d&#8217;une manifestation scientifique<\/a><\/li>\n<\/ul>\n","protected":false},"excerpt":{"rendered":"","protected":false},"author":1,"featured_media":186,"parent":0,"menu_order":0,"comment_status":"closed","ping_status":"closed","template":"","meta":{"footnotes":""},"_links":{"self":[{"href":"https:\/\/vrrelex.usthb.dz\/index.php\/wp-json\/wp\/v2\/pages\/185"}],"collection":[{"href":"https:\/\/vrrelex.usthb.dz\/index.php\/wp-json\/wp\/v2\/pages"}],"about":[{"href":"https:\/\/vrrelex.usthb.dz\/index.php\/wp-json\/wp\/v2\/types\/page"}],"author":[{"embeddable":true,"href":"https:\/\/vrrelex.usthb.dz\/index.php\/wp-json\/wp\/v2\/users\/1"}],"replies":[{"embeddable":true,"href":"https:\/\/vrrelex.usthb.dz\/index.php\/wp-json\/wp\/v2\/comments?post=185"}],"version-history":[{"count":6,"href":"https:\/\/vrrelex.usthb.dz\/index.php\/wp-json\/wp\/v2\/pages\/185\/revisions"}],"predecessor-version":[{"id":316,"href":"https:\/\/vrrelex.usthb.dz\/index.php\/wp-json\/wp\/v2\/pages\/185\/revisions\/316"}],"wp:featuredmedia":[{"embeddable":true,"href":"https:\/\/vrrelex.usthb.dz\/index.php\/wp-json\/wp\/v2\/media\/186"}],"wp:attachment":[{"href":"https:\/\/vrrelex.usthb.dz\/index.php\/wp-json\/wp\/v2\/media?parent=185"}],"curies":[{"name":"wp","href":"https:\/\/api.w.org\/{rel}","templated":true}]}}