{"id":180,"date":"2023-09-17T10:13:26","date_gmt":"2023-09-17T10:13:26","guid":{"rendered":"http:\/\/193.194.89.33\/VERELEX\/?page_id=180"},"modified":"2023-11-12T08:13:31","modified_gmt":"2023-11-12T08:13:31","slug":"dossier-a-fournir-2","status":"publish","type":"page","link":"https:\/\/vrrelex.usthb.dz\/index.php\/dossier-a-fournir-2\/","title":{"rendered":"Documents \u00e0 t\u00e9l\u00e9charger"},"content":{"rendered":"\n<ul>\n<li><a href=\"http:\/\/193.194.89.33\/VERELEX\/wp-content\/uploads\/2023\/10\/Canevas-du-Bilan-de-la-manifestation-Scientifique-2022.docx\">Canevas du Bilan de la manifestation Scientifiq<\/a>ue<\/li>\n\n\n\n<li><a href=\"http:\/\/193.194.89.33\/VERELEX\/wp-content\/uploads\/2023\/10\/\u0628\u0637\u0627\u0642\u0629-\u062a\u0642\u0646\u064a\u0629-\u0645\u0646-\u0623\u062c\u0644-\u062a\u0646\u0638\u064a\u0645-\u062a\u0638\u0627\u0647\u0631\u0629-\u0639\u0644\u0645\u064a\u0629-1.xlsx\"> Fiche Technique <\/a><\/li>\n\n\n\n<li><a href=\"http:\/\/193.194.89.33\/VERELEX\/wp-content\/uploads\/2023\/10\/CAHIER-DE-CHARGE-EN-FRANCIAS-1.pdf\">Cahier de Charge (Fr<\/a>)<\/li>\n\n\n\n<li><a href=\"http:\/\/193.194.89.33\/VERELEX\/wp-content\/uploads\/2023\/10\/CAHIER-DE-CHARGE-EN-ARABE.pdf\">Cahier de Charge (Ar)<\/a><\/li>\n\n\n\n<li><a href=\"http:\/\/193.194.89.33\/VERELEX\/wp-content\/uploads\/2023\/10\/CAHIER-DE-CHARGE-EN-ARABE-vierge-MESRS.docx\">Cahier de Charge En Arabe Vierge <\/a><\/li>\n\n\n\n<li><a href=\"http:\/\/193.194.89.33\/VERELEX\/wp-content\/uploads\/2023\/10\/Fiche_de_condidature-1.doc\">Fiche de candidature<\/a><\/li>\n<\/ul>\n\n\n\n<p><\/p>\n\n\n\n<p><\/p>\n","protected":false},"excerpt":{"rendered":"","protected":false},"author":1,"featured_media":310,"parent":0,"menu_order":0,"comment_status":"closed","ping_status":"closed","template":"","meta":{"footnotes":""},"_links":{"self":[{"href":"https:\/\/vrrelex.usthb.dz\/index.php\/wp-json\/wp\/v2\/pages\/180"}],"collection":[{"href":"https:\/\/vrrelex.usthb.dz\/index.php\/wp-json\/wp\/v2\/pages"}],"about":[{"href":"https:\/\/vrrelex.usthb.dz\/index.php\/wp-json\/wp\/v2\/types\/page"}],"author":[{"embeddable":true,"href":"https:\/\/vrrelex.usthb.dz\/index.php\/wp-json\/wp\/v2\/users\/1"}],"replies":[{"embeddable":true,"href":"https:\/\/vrrelex.usthb.dz\/index.php\/wp-json\/wp\/v2\/comments?post=180"}],"version-history":[{"count":6,"href":"https:\/\/vrrelex.usthb.dz\/index.php\/wp-json\/wp\/v2\/pages\/180\/revisions"}],"predecessor-version":[{"id":716,"href":"https:\/\/vrrelex.usthb.dz\/index.php\/wp-json\/wp\/v2\/pages\/180\/revisions\/716"}],"wp:featuredmedia":[{"embeddable":true,"href":"https:\/\/vrrelex.usthb.dz\/index.php\/wp-json\/wp\/v2\/media\/310"}],"wp:attachment":[{"href":"https:\/\/vrrelex.usthb.dz\/index.php\/wp-json\/wp\/v2\/media?parent=180"}],"curies":[{"name":"wp","href":"https:\/\/api.w.org\/{rel}","templated":true}]}}