{"id":16,"date":"2023-09-06T12:47:01","date_gmt":"2023-09-06T12:47:01","guid":{"rendered":"http:\/\/193.194.89.33\/VERELEX\/?page_id=16"},"modified":"2024-04-17T17:31:46","modified_gmt":"2024-04-17T17:31:46","slug":"cooperation-internationale","status":"publish","type":"page","link":"https:\/\/vrrelex.usthb.dz\/index.php\/cooperation-internationale\/","title":{"rendered":"Coop\u00e9ration Internationale"},"content":{"rendered":"\n<p>La coop\u00e9ration internationale\u00a0<strong>comprend les domaines de l&#8217;aide humanitaire, de la coop\u00e9ration au d\u00e9veloppement et de la promotion de la paix<\/strong>. Autrefois clairement distinctes, les activit\u00e9s dans ces domaines convergent aujourd&#8217;hui, rendant souvent floues les fronti\u00e8res qui les s\u00e9parent<\/p>\n","protected":false},"excerpt":{"rendered":"<p>La coop\u00e9ration internationale\u00a0comprend les domaines de l&#8217;aide humanitaire, de la <span class=\"readmore\"><a href=\"https:\/\/vrrelex.usthb.dz\/index.php\/cooperation-internationale\/\">Lire Plus<\/a><\/span><\/p>\n","protected":false},"author":1,"featured_media":967,"parent":0,"menu_order":0,"comment_status":"closed","ping_status":"closed","template":"","meta":{"footnotes":""},"_links":{"self":[{"href":"https:\/\/vrrelex.usthb.dz\/index.php\/wp-json\/wp\/v2\/pages\/16"}],"collection":[{"href":"https:\/\/vrrelex.usthb.dz\/index.php\/wp-json\/wp\/v2\/pages"}],"about":[{"href":"https:\/\/vrrelex.usthb.dz\/index.php\/wp-json\/wp\/v2\/types\/page"}],"author":[{"embeddable":true,"href":"https:\/\/vrrelex.usthb.dz\/index.php\/wp-json\/wp\/v2\/users\/1"}],"replies":[{"embeddable":true,"href":"https:\/\/vrrelex.usthb.dz\/index.php\/wp-json\/wp\/v2\/comments?post=16"}],"version-history":[{"count":2,"href":"https:\/\/vrrelex.usthb.dz\/index.php\/wp-json\/wp\/v2\/pages\/16\/revisions"}],"predecessor-version":[{"id":969,"href":"https:\/\/vrrelex.usthb.dz\/index.php\/wp-json\/wp\/v2\/pages\/16\/revisions\/969"}],"wp:featuredmedia":[{"embeddable":true,"href":"https:\/\/vrrelex.usthb.dz\/index.php\/wp-json\/wp\/v2\/media\/967"}],"wp:attachment":[{"href":"https:\/\/vrrelex.usthb.dz\/index.php\/wp-json\/wp\/v2\/media?parent=16"}],"curies":[{"name":"wp","href":"https:\/\/api.w.org\/{rel}","templated":true}]}}