{"id":1511,"date":"2026-02-19T08:34:04","date_gmt":"2026-02-19T08:34:04","guid":{"rendered":"https:\/\/vrrelex.usthb.dz\/?page_id=1511"},"modified":"2026-02-19T08:58:54","modified_gmt":"2026-02-19T08:58:54","slug":"appel-a-candidatures-programme-de-professeurs-invites-2026-2027","status":"publish","type":"page","link":"https:\/\/vrrelex.usthb.dz\/index.php\/appel-a-candidatures-programme-de-professeurs-invites-2026-2027\/","title":{"rendered":"Appel \u00e0 candidatures \u2013 Programme de Professeurs Invit\u00e9s 2026\/2027"},"content":{"rendered":"\n<p>L\u2019<strong>Institut Polytechnique de Bragan\u00e7a (IPB)<\/strong> lance son appel \u00e0 candidatures pour le <strong>programme de professeurs invit\u00e9s<\/strong> pour l\u2019ann\u00e9e acad\u00e9mique <strong>2026\/2027<\/strong> (1er et 2e semestres).<\/p>\n\n\n\n<p>Ce programme s\u2019inscrit dans la strat\u00e9gie d\u2019internationalisation de l\u2019IPB, ax\u00e9e sur l&#8217;Ouverture Internationale, l&#8217;Innovation P\u00e9dagogique et la Recherche Appliqu\u00e9e<\/p>\n\n\n\n<p>&nbsp;<strong>Date limite de candidature : 15 mars 2026<\/strong><br>&nbsp;Les enseignants int\u00e9ress\u00e9s peuvent soumettre leur candidature via le lien suivant :<br><a href=\"http:\/\/ipb.pt\/go\/cz890\">http:\/\/ipb.pt\/go\/cz890<\/a><\/p>\n\n\n\n<p><\/p>\n\n\n\n<p><\/p>\n","protected":false},"excerpt":{"rendered":"<p>L\u2019Institut Polytechnique de Bragan\u00e7a (IPB) lance son appel \u00e0 candidatures <span class=\"readmore\"><a href=\"https:\/\/vrrelex.usthb.dz\/index.php\/appel-a-candidatures-programme-de-professeurs-invites-2026-2027\/\">Lire Plus<\/a><\/span><\/p>\n","protected":false},"author":1,"featured_media":1519,"parent":0,"menu_order":0,"comment_status":"closed","ping_status":"closed","template":"","meta":{"footnotes":""},"_links":{"self":[{"href":"https:\/\/vrrelex.usthb.dz\/index.php\/wp-json\/wp\/v2\/pages\/1511"}],"collection":[{"href":"https:\/\/vrrelex.usthb.dz\/index.php\/wp-json\/wp\/v2\/pages"}],"about":[{"href":"https:\/\/vrrelex.usthb.dz\/index.php\/wp-json\/wp\/v2\/types\/page"}],"author":[{"embeddable":true,"href":"https:\/\/vrrelex.usthb.dz\/index.php\/wp-json\/wp\/v2\/users\/1"}],"replies":[{"embeddable":true,"href":"https:\/\/vrrelex.usthb.dz\/index.php\/wp-json\/wp\/v2\/comments?post=1511"}],"version-history":[{"count":3,"href":"https:\/\/vrrelex.usthb.dz\/index.php\/wp-json\/wp\/v2\/pages\/1511\/revisions"}],"predecessor-version":[{"id":1520,"href":"https:\/\/vrrelex.usthb.dz\/index.php\/wp-json\/wp\/v2\/pages\/1511\/revisions\/1520"}],"wp:featuredmedia":[{"embeddable":true,"href":"https:\/\/vrrelex.usthb.dz\/index.php\/wp-json\/wp\/v2\/media\/1519"}],"wp:attachment":[{"href":"https:\/\/vrrelex.usthb.dz\/index.php\/wp-json\/wp\/v2\/media?parent=1511"}],"curies":[{"name":"wp","href":"https:\/\/api.w.org\/{rel}","templated":true}]}}