{"id":1473,"date":"2025-05-21T14:16:34","date_gmt":"2025-05-21T14:16:34","guid":{"rendered":"http:\/\/193.194.89.33\/VERELEX\/?page_id=1473"},"modified":"2025-05-21T14:17:53","modified_gmt":"2025-05-21T14:17:53","slug":"study-in-algeria","status":"publish","type":"page","link":"https:\/\/vrrelex.usthb.dz\/index.php\/study-in-algeria\/","title":{"rendered":"Study In Algeria"},"content":{"rendered":"\n<p>Vous envisagez de poursuivre votre baccalaur\u00e9at, master ou doctorat dans un nouvel environnement passionnant <\/p>\n\n\n\n<p>Tous les grands sont ouverts et l&#8217;Alg\u00e9rie propose une \u00e9ducation de classe mondiale \u00e0 des frais tr\u00e8s abordables !<\/p>\n\n\n\n<p>Que vous visiez des \u00e9tudes de premier cycle ou de troisi\u00e8me cycle, c&#8217;est votre chance d&#8217;apprendre, de grandir et d&#8217;explorer une riche exp\u00e9rience culturelle et acad\u00e9mique.<\/p>\n\n\n\n<p>Tous les cycles acad\u00e9miques sont maintenant ouverts \u2013 ne manquez pas votre opportunit\u00e9 !<\/p>\n\n\n\n<p>En savoir plus et postulez maintenant : <a href=\"https:\/\/studyinalgeria.dz\/?fbclid=IwZXh0bgNhZW0CMTAAYnJpZBExOVFueURpWnJTRzVnN0dVagEekB23lzgmWi4jAINUJ_AYY8tsiDz2pTH_O1XsztcBzDB9WkNrAl-SSnR8xRg_aem_NBGh89nRE0khc4xqpVfm_A\" target=\"_blank\" rel=\"noreferrer noopener\">https:\/\/studyinalgeria.dz<\/a><\/p>\n","protected":false},"excerpt":{"rendered":"<p>Vous envisagez de poursuivre votre baccalaur\u00e9at, master ou doctorat dans <span class=\"readmore\"><a href=\"https:\/\/vrrelex.usthb.dz\/index.php\/study-in-algeria\/\">Lire Plus<\/a><\/span><\/p>\n","protected":false},"author":1,"featured_media":1475,"parent":0,"menu_order":0,"comment_status":"closed","ping_status":"closed","template":"","meta":{"footnotes":""},"_links":{"self":[{"href":"https:\/\/vrrelex.usthb.dz\/index.php\/wp-json\/wp\/v2\/pages\/1473"}],"collection":[{"href":"https:\/\/vrrelex.usthb.dz\/index.php\/wp-json\/wp\/v2\/pages"}],"about":[{"href":"https:\/\/vrrelex.usthb.dz\/index.php\/wp-json\/wp\/v2\/types\/page"}],"author":[{"embeddable":true,"href":"https:\/\/vrrelex.usthb.dz\/index.php\/wp-json\/wp\/v2\/users\/1"}],"replies":[{"embeddable":true,"href":"https:\/\/vrrelex.usthb.dz\/index.php\/wp-json\/wp\/v2\/comments?post=1473"}],"version-history":[{"count":1,"href":"https:\/\/vrrelex.usthb.dz\/index.php\/wp-json\/wp\/v2\/pages\/1473\/revisions"}],"predecessor-version":[{"id":1474,"href":"https:\/\/vrrelex.usthb.dz\/index.php\/wp-json\/wp\/v2\/pages\/1473\/revisions\/1474"}],"wp:featuredmedia":[{"embeddable":true,"href":"https:\/\/vrrelex.usthb.dz\/index.php\/wp-json\/wp\/v2\/media\/1475"}],"wp:attachment":[{"href":"https:\/\/vrrelex.usthb.dz\/index.php\/wp-json\/wp\/v2\/media?parent=1473"}],"curies":[{"name":"wp","href":"https:\/\/api.w.org\/{rel}","templated":true}]}}