{"id":1447,"date":"2025-05-20T09:50:49","date_gmt":"2025-05-20T09:50:49","guid":{"rendered":"http:\/\/193.194.89.33\/VERELEX\/?page_id=1447"},"modified":"2025-05-20T09:57:32","modified_gmt":"2025-05-20T09:57:32","slug":"postuler-pour-un-financement-interreg-next-med-2025","status":"publish","type":"page","link":"https:\/\/vrrelex.usthb.dz\/index.php\/postuler-pour-un-financement-interreg-next-med-2025\/","title":{"rendered":"Postuler pour un financement Interreg Next Med-2025"},"content":{"rendered":"\n<p>L&#8217;appel \u00e0 projets sur la transition verte dispose de 83,7 millions d&#8217;euros de financement de l&#8217;Union europ\u00e9enne pour relever les d\u00e9fis climatiques dans la r\u00e9gion m\u00e9diterran\u00e9enne. La date limite de soumission des propositions est fix\u00e9e au 15 mai 2025 (13h00, CET).<\/p>\n\n\n\n<p><a href=\"https:\/\/www.interregnextmed.eu\/fr\/postuler-pour-un-financement\/deuxieme-appel-a-propositions\/\">https:\/\/www.interregnextmed.eu\/fr\/postuler-pour-un-financement\/deuxieme-appel-a-propositions\/<\/a><\/p>\n\n\n\n<p><\/p>\n\n\n\n<p><\/p>\n","protected":false},"excerpt":{"rendered":"<p>L&#8217;appel \u00e0 projets sur la transition verte dispose de 83,7 <span class=\"readmore\"><a href=\"https:\/\/vrrelex.usthb.dz\/index.php\/postuler-pour-un-financement-interreg-next-med-2025\/\">Lire Plus<\/a><\/span><\/p>\n","protected":false},"author":1,"featured_media":1449,"parent":0,"menu_order":0,"comment_status":"closed","ping_status":"closed","template":"","meta":{"footnotes":""},"_links":{"self":[{"href":"https:\/\/vrrelex.usthb.dz\/index.php\/wp-json\/wp\/v2\/pages\/1447"}],"collection":[{"href":"https:\/\/vrrelex.usthb.dz\/index.php\/wp-json\/wp\/v2\/pages"}],"about":[{"href":"https:\/\/vrrelex.usthb.dz\/index.php\/wp-json\/wp\/v2\/types\/page"}],"author":[{"embeddable":true,"href":"https:\/\/vrrelex.usthb.dz\/index.php\/wp-json\/wp\/v2\/users\/1"}],"replies":[{"embeddable":true,"href":"https:\/\/vrrelex.usthb.dz\/index.php\/wp-json\/wp\/v2\/comments?post=1447"}],"version-history":[{"count":1,"href":"https:\/\/vrrelex.usthb.dz\/index.php\/wp-json\/wp\/v2\/pages\/1447\/revisions"}],"predecessor-version":[{"id":1448,"href":"https:\/\/vrrelex.usthb.dz\/index.php\/wp-json\/wp\/v2\/pages\/1447\/revisions\/1448"}],"wp:featuredmedia":[{"embeddable":true,"href":"https:\/\/vrrelex.usthb.dz\/index.php\/wp-json\/wp\/v2\/media\/1449"}],"wp:attachment":[{"href":"https:\/\/vrrelex.usthb.dz\/index.php\/wp-json\/wp\/v2\/media?parent=1447"}],"curies":[{"name":"wp","href":"https:\/\/api.w.org\/{rel}","templated":true}]}}