{"id":128,"date":"2023-09-07T11:29:15","date_gmt":"2023-09-07T11:29:15","guid":{"rendered":"http:\/\/193.194.89.33\/VERELEX\/?page_id=128"},"modified":"2023-10-24T21:16:38","modified_gmt":"2023-10-24T21:16:38","slug":"phc-maghreb","status":"publish","type":"page","link":"https:\/\/vrrelex.usthb.dz\/index.php\/phc-maghreb\/","title":{"rendered":"PHC Maghreb\u00a0"},"content":{"rendered":"\n<p>Les trois Partenariats Hubert Curien (PHC) du Maghreb (PHC franco-alg\u00e9rien \u2013Tassili 03- PHC Franco-Marocain \u2013Toubkal 05-et PHC&nbsp; franco-tunisien-Utique 04-)&nbsp; encouragent \u00e0 travers le PHC Maghreb les coop\u00e9rations multilat\u00e9rales. Ces projets impliquant les trois pays du Maghreb et la France sont financ\u00e9s pour une dur\u00e9e de 3 ans.<\/p>\n\n\n\n<p><strong>Nombre de Projet\u00a0 PHC Maghreb<\/strong><\/p>\n\n\n\n<table class=\"table-style\">\n \n        <thead>\n<head>\n<style>\n*, ::before, ::after {\n    box-sizing: border-box;\n    margin: 0; \n    padding: 0;\n}\n\nbody {\n   \n padding: 18px;\n    font-family: Arial, Helvetica, sans-serif;\n    background: #fff;\n    display: flex;\n    justify-content: center;\n    align-items: center;\n}\n\n.table-style  {\n    border-collapse: collapse;\n    box-shadow: 0 5px 50px rgba(0,0,0,0.15);\n    cursor: pointer;\n    margin: 0px auto;\n    border: 2px solid midnightblue;\n}\n\nthead tr {\n    background-color: midnightblue;\n    color: #fff;\n    text-align: left;\n}\n\nth, td {\n    padding: 15px 20px;\n    text-align: center;\n}\n\ntbody tr, td, th {\n    border: 1px solid #ddd;\n}\n\ntbody tr:nth-child(even){\n    background-color: #f3f3f3;\n}\n\n@media screen and (max-width: 550px) {\n  body {\n    align-items: flex-start;\n  }\n  .table-style  {\n    width: 100%;\n    margin: 0px;\n    font-size: 10px;\n  }\n  th, td {\n    padding: 10px 7px;\n}\n\n}\n<\/head>\n<\/style>\n            <tr>\n                <th style=\"width: 55%;\">Facult\u00e9<\/th>\n                <th style=\"width: 15%;\">Nbre de Projets en 2017<\/th>\n                <th style=\"width: 15%;\">Nbre de Projets en 2018<\/th>\n                <th style=\"width: 15%;\">Nbre de Projets en 2019<\/th>\n                \n            <\/tr>\n        <\/thead>\n        \n\n        <tbody>\n      \n           \n  <tr>\n                 <td> Facult\u00e9 de Physique<\/td> \n                <td>2<\/td>\n                <td>2<\/td>\n                <td>1<\/td>        \n            <\/tr>\n \n  <tr>\n                 <td> Facult\u00e9 de Biologie<\/td> \n                <td>\/<\/td>\n                <td>\/<\/td>\n                <td>1<\/td>        \n            <\/tr>\n \n<tr>\n                 <td> TOTAL<\/td> \n                <td>2<\/td>\n                <td>2<\/td>\n                <td>2<\/td>        \n            <\/tr>\n\n            \n<\/FONT>\n        <\/tbody>\n\n    <\/table>\n","protected":false},"excerpt":{"rendered":"<p>Les trois Partenariats Hubert Curien (PHC) du Maghreb (PHC franco-alg\u00e9rien <span class=\"readmore\"><a href=\"https:\/\/vrrelex.usthb.dz\/index.php\/phc-maghreb\/\">Lire Plus<\/a><\/span><\/p>\n","protected":false},"author":1,"featured_media":0,"parent":0,"menu_order":0,"comment_status":"closed","ping_status":"closed","template":"","meta":{"footnotes":""},"_links":{"self":[{"href":"https:\/\/vrrelex.usthb.dz\/index.php\/wp-json\/wp\/v2\/pages\/128"}],"collection":[{"href":"https:\/\/vrrelex.usthb.dz\/index.php\/wp-json\/wp\/v2\/pages"}],"about":[{"href":"https:\/\/vrrelex.usthb.dz\/index.php\/wp-json\/wp\/v2\/types\/page"}],"author":[{"embeddable":true,"href":"https:\/\/vrrelex.usthb.dz\/index.php\/wp-json\/wp\/v2\/users\/1"}],"replies":[{"embeddable":true,"href":"https:\/\/vrrelex.usthb.dz\/index.php\/wp-json\/wp\/v2\/comments?post=128"}],"version-history":[{"count":2,"href":"https:\/\/vrrelex.usthb.dz\/index.php\/wp-json\/wp\/v2\/pages\/128\/revisions"}],"predecessor-version":[{"id":514,"href":"https:\/\/vrrelex.usthb.dz\/index.php\/wp-json\/wp\/v2\/pages\/128\/revisions\/514"}],"wp:attachment":[{"href":"https:\/\/vrrelex.usthb.dz\/index.php\/wp-json\/wp\/v2\/media?parent=128"}],"curies":[{"name":"wp","href":"https:\/\/api.w.org\/{rel}","templated":true}]}}