{"id":126,"date":"2023-09-07T11:26:42","date_gmt":"2023-09-07T11:26:42","guid":{"rendered":"http:\/\/193.194.89.33\/VERELEX\/?page_id=126"},"modified":"2024-06-24T10:05:58","modified_gmt":"2024-06-24T10:05:58","slug":"phc-tassili","status":"publish","type":"page","link":"https:\/\/vrrelex.usthb.dz\/index.php\/phc-tassili\/","title":{"rendered":"PHC Tassili\u00a0"},"content":{"rendered":"\n<p>Le partenariat Hubert Curien (PHC) Tassili soutien la coop\u00e9ration scientifique franco-alg\u00e9rienne .Il apporte un soutien \u00e0 des projets de recherche conjoint sur une dur\u00e9e de 3 ans.&nbsp; Le PHC Tassili finance en priorit\u00e9 la mobilit\u00e9 de jeunes chercheurs alg\u00e9riens au sein de laboratoires fran\u00e7ais dans le cadre de projets de recherche conjoints et la mobilit\u00e9 de chercheurs fran\u00e7ais vers l\u2019Alg\u00e9rie. Ce programme bilat\u00e9ral est port\u00e9 et co-financ\u00e9 par le minist\u00e8re fran\u00e7ais des Affaires \u00e9trang\u00e8res et du d\u00e9veloppement international(MAEDI) et&nbsp; le Minist\u00e8re de l\u2019\u00e9ducation Nationale et de l\u2019enseignement sup\u00e9rieur&nbsp; et de la recherche (MENESR) fran\u00e7ais d\u2019une part et par le minist\u00e8re alg\u00e9rien de l\u2019enseignement sup\u00e9rieur et de la recherche scientifique (MESRS) d\u2019autre part. La coordination des activit\u00e9s du programme et de son pilotage est plac\u00e9e par les tutelles sous la responsabilit\u00e9 du Comit\u00e9 Mixte d\u2019Evaluation&nbsp; et de Prospective (CMEP), compos\u00e9 d\u2019experts des deux pays et deux co-pr\u00e9sidents.<\/p>\n\n\n\n<p><strong> Nombre de Projet PHC TASSILI<\/strong><\/p>\n\n\n\n<table class=\"table-style\">\n \n        <thead>\n<head>\n<style>\n*, ::before, ::after {\n    box-sizing: border-box;\n    margin: 0; \n    padding: 0;\n}\n\nbody {\n   \n padding: 18px;\n    font-family: Arial, Helvetica, sans-serif;\n    background: #fff;\n    display: flex;\n    justify-content: center;\n    align-items: center;\n}\n\n.table-style  {\n    border-collapse: collapse;\n    box-shadow: 0 5px 50px rgba(0,0,0,0.15);\n    cursor: pointer;\n    margin: 0px auto;\n    border: 2px solid midnightblue;\n}\n\nthead tr {\n    background-color: midnightblue;\n    color: #fff;\n    text-align: left;\n}\n\nth, td {\n    padding: 15px 20px;\n    text-align: center;\n}\n\ntbody tr, td, th {\n    border: 1px solid #ddd;\n}\n\ntbody tr:nth-child(even){\n    background-color: #f3f3f3;\n}\n\n@media screen and (max-width: 550px) {\n  body {\n    align-items: flex-start;\n  }\n  .table-style  {\n    width: 100%;\n    margin: 0px;\n    font-size: 10px;\n  }\n  th, td {\n    padding: 10px 7px;\n}\n\n}\n<\/head>\n<\/style>\n            <tr>\n                <th style=\"width: 40%;\">Facult\u00e9<\/th>\n                <th style=\"width: 15%;\">Nbre de Projets en 2017<\/th>\n                <th style=\"width: 15%;\">Nbre de Projets en 2018<\/th>\n                <th style=\"width: 15%;\">Nbre de Projets en 2019<\/th>\n                <th style=\"width: 15%;\">Nbre de Projets en 2024<\/th>\n                \n            <\/tr>\n        <\/thead>\n        \n\n        <tbody>\n            <tr>\n                 <td> Facult\u00e9 de Physique<\/td> \n                <td>1<\/td>\n                <td>3<\/td>\n                <td>3<\/td>        \n            <\/tr>\n  <tr>\n                 <td> Facult\u00e9 de Maths<\/td> \n                <td>1<\/td>\n                <td>1<\/td>\n                <td>\/<\/td>        \n            <\/tr>\n  <tr>\n                 <td> Facult\u00e9 de Physique<\/td> \n                <td>1<\/td>\n                <td>3<\/td>\n                <td>3<\/td>        \n            <\/tr>\n  <tr>\n                 <td> Facult\u00e9 de Chimie<\/td> \n                <td>1<\/td>\n                <td>1<\/td>\n                <td>1<\/td> \n                <td>1<\/td>        \n            <\/tr>\n  <tr>\n                 <td> Facult\u00e9 de Biologie<\/td> \n                <td>2<\/td>\n                <td>1<\/td>\n                <td>\/<\/td>  \n                <td>1<\/td>       \n            <\/tr>\n  <tr>\n                 <td> FEI<\/td> \n                <td>3<\/td>\n                <td>3<\/td>\n                <td>2<\/td>        \n            <\/tr>\n  <tr>\n                 <td> FSTGAT<\/td> \n                <td>1<\/td>\n                <td>\/<\/td>\n                <td>\/<\/td>        \n            <\/tr>\n  <tr>\n                 <td> Facult\u00e9 de G\u00e9nie Civil<\/td> \n                <td>\/<\/td>\n                <td>\/<\/td>\n                <td>1<\/td>        \n            <\/tr>\n<tr>\n                 <td> Facult\u00e9 de GMGP<\/td> \n                <td>\/<\/td>\n                <td>1<\/td>\n                <td>1<\/td>        \n            <\/tr>\n<tr>\n                 <td> TOTAL<\/td> \n                <td>9<\/td>\n                <td>10<\/td>\n                <td>8<\/td>        \n            <\/tr>\n\n            \n<\/FONT>\n        <\/tbody>\n\n    <\/table>\n","protected":false},"excerpt":{"rendered":"<p>Le partenariat Hubert Curien (PHC) Tassili soutien la coop\u00e9ration scientifique <span class=\"readmore\"><a href=\"https:\/\/vrrelex.usthb.dz\/index.php\/phc-tassili\/\">Lire Plus<\/a><\/span><\/p>\n","protected":false},"author":1,"featured_media":0,"parent":0,"menu_order":0,"comment_status":"closed","ping_status":"closed","template":"","meta":{"footnotes":""},"_links":{"self":[{"href":"https:\/\/vrrelex.usthb.dz\/index.php\/wp-json\/wp\/v2\/pages\/126"}],"collection":[{"href":"https:\/\/vrrelex.usthb.dz\/index.php\/wp-json\/wp\/v2\/pages"}],"about":[{"href":"https:\/\/vrrelex.usthb.dz\/index.php\/wp-json\/wp\/v2\/types\/page"}],"author":[{"embeddable":true,"href":"https:\/\/vrrelex.usthb.dz\/index.php\/wp-json\/wp\/v2\/users\/1"}],"replies":[{"embeddable":true,"href":"https:\/\/vrrelex.usthb.dz\/index.php\/wp-json\/wp\/v2\/comments?post=126"}],"version-history":[{"count":6,"href":"https:\/\/vrrelex.usthb.dz\/index.php\/wp-json\/wp\/v2\/pages\/126\/revisions"}],"predecessor-version":[{"id":1289,"href":"https:\/\/vrrelex.usthb.dz\/index.php\/wp-json\/wp\/v2\/pages\/126\/revisions\/1289"}],"wp:attachment":[{"href":"https:\/\/vrrelex.usthb.dz\/index.php\/wp-json\/wp\/v2\/media?parent=126"}],"curies":[{"name":"wp","href":"https:\/\/api.w.org\/{rel}","templated":true}]}}