{"id":119,"date":"2023-09-07T09:58:36","date_gmt":"2023-09-07T09:58:36","guid":{"rendered":"http:\/\/193.194.89.33\/VERELEX\/?page_id=119"},"modified":"2023-10-25T08:30:27","modified_gmt":"2023-10-25T08:30:27","slug":"programme-profas-b","status":"publish","type":"page","link":"https:\/\/vrrelex.usthb.dz\/index.php\/programme-profas-b\/","title":{"rendered":"Programme PROFAS B+"},"content":{"rendered":"\n<p>Programme Alg\u00e9ro-Fran\u00e7ais&nbsp; de Bourses <strong>\u00abPROFAS B+\u00bb&nbsp;<\/strong><\/p>\n\n\n\n<p>Le programme PROFAS  est un programme phare de la coop\u00e9ration Alg\u00e9ro-Fran\u00e7aise. Cr\u00e9e en 1987, il a \u00e9t\u00e9 r\u00e9nov\u00e9 et relanc\u00e9 en 2014 sous le nom&nbsp;&nbsp;<strong>PROFAS B+.<\/strong><\/p>\n\n\n\n<p>D\u00e9sormais, le programme PROFAS B+ propose non seulement des bourses mais aussi des prestations fournies par l\u2019Alg\u00e9rie et la France, notamment via l\u2019op\u00e9rateur Campus France. Ces prestations visent \u00e0 accompagner et \u00e0 faciliter la mobilit\u00e9 des boursiers en France. Depuis trois ans, le PROFAS B+ a permis \u00e0 pr\u00e8s de&nbsp;<strong>280<\/strong>&nbsp;boursiers alg\u00e9riens de rejoindre des laboratoires d\u2019excellence en France.<\/p>\n\n\n\n<p>Les bourses PROFAS B+ s\u2019adressent \u00e0 des enseignants et des doctorants non-salari\u00e9s, soit en co-encadrement, soit en cotutelle de th\u00e8se.<\/p>\n\n\n\n<p>Dans le cadre d\u2019une finalisation de th\u00e8se, le programme PROFAS B+ propose aux doctorants en&nbsp;<strong>co-encadrement<\/strong>&nbsp;de th\u00e8se un appui \u00e0 la formation et \u00e0 la recherche par l\u2019octroi de bourses de<strong>&nbsp;7 \u00e0 12 mois<\/strong>&nbsp;sur l\u2019ann\u00e9e universitaire 2017-2018.<\/p>\n\n\n\n<p>Pour les doctorants en&nbsp;<strong>cotutelle<\/strong>&nbsp;de th\u00e8se, le programme PROFAS B+ propose l\u2019octroi de bourses de<strong>&nbsp;7 \u00e0 18 mois<\/strong>&nbsp;r\u00e9partis sur les trois ann\u00e9es de doctorat en s\u00e9jours de&nbsp;<strong>7 mois minimum<\/strong>&nbsp;par ann\u00e9e universitaire.<\/p>\n\n\n\n<p><strong>Dossier&nbsp;de candidature<\/strong><strong><\/strong><\/p>\n\n\n\n<p>Le dossier de candidature doit imp\u00e9rativement comporter l\u2019ensemble des pi\u00e8ces n\u00e9cessaires (administratives, scientifiques et d\u2019accueil) list\u00e9es ci-dessous. Le candidat &nbsp;sera attentif \u00e0 fournir certaines pi\u00e8ces selon sa situation&nbsp;: doctorant non-salari\u00e9 en co-encadrement ou en cotutelle de th\u00e8se.<\/p>\n\n\n\n<p><strong>Pi\u00e8ces \u00e0 fournir par<\/strong><\/p>\n\n\n\n<p><strong>&nbsp; &nbsp; &nbsp; &nbsp;&nbsp;<\/strong><strong><u>Tous les candidats<\/u><\/strong><strong><u><\/u><\/strong><\/p>\n\n\n\n<p>&#8211;&nbsp;Le formulaire de candidature \u00e0 une bourse PROFAS B+&nbsp;<strong>(\u00e0 ne pas remplir \u00e0 la main)<\/strong>, vis\u00e9 par le directeur de th\u00e8se en Alg\u00e9rie et le co-encadreur ou le codirecteur de th\u00e8se en France.<\/p>\n\n\n\n<p><strong>&#8211;&nbsp;<\/strong>L\u2019attestation d\u2019engagement PROFAS B+ (droits et obligations du boursier).<\/p>\n\n\n\n<p><strong>&#8211;&nbsp;<\/strong>L\u2019attestation de non-b\u00e9n\u00e9fice d\u2019une bourse de formation r\u00e9sidentielle \u00e0 l\u2019\u00e9tranger d\u2019une dur\u00e9e sup\u00e9rieure \u00e0 6 mois dans le cadre du doctorat, vis\u00e9e par le vice-recteur charg\u00e9 des relations ext\u00e9rieures de l\u2019universit\u00e9 d\u2019inscription en th\u00e8se.<\/p>\n\n\n\n<p><strong>&#8211;&nbsp;<\/strong>Une copie du dipl\u00f4me du baccalaur\u00e9at et des dipl\u00f4mes universitaires obtenus.<\/p>\n\n\n\n<p><strong>&#8211;&nbsp;<\/strong>Une attestation de niveau de fran\u00e7ais en cours de validit\u00e9 (TCF niveau B2 minimum, DELF B2 ou DALF).<\/p>\n\n\n\n<p><strong>&#8211;&nbsp;<\/strong>Un curriculum vitae en fran\u00e7ais.<\/p>\n\n\n\n<p><strong>&#8211;&nbsp;<\/strong>Deux photos d\u2019identit\u00e9.<\/p>\n\n\n\n<p><strong>&#8211;&nbsp;<\/strong>Une attestation de non-exercice d\u2019une activit\u00e9 r\u00e9mun\u00e9r\u00e9e pour les doctorants non-salari\u00e9s<\/p>\n\n\n\n<p><strong>&nbsp; &nbsp; &nbsp; &nbsp; &nbsp;&nbsp;<\/strong><strong><u>Les candidats en co-encadrement de th\u00e8se<\/u><\/strong><\/p>\n\n\n\n<p><strong>&#8211;&nbsp;<\/strong>Une copie de la lettre d\u2019accueil dans un \u00e9tablissement universitaire en France.<\/p>\n\n\n\n<p><strong>&#8211;&nbsp;<\/strong>Une copie des certificats d\u2019inscription en doctorat en Alg\u00e9rie des ann\u00e9es universitaires.<\/p>\n\n\n\n<p><strong>&nbsp; &nbsp; &nbsp; &nbsp; &nbsp;&nbsp;<\/strong><strong><u>Les candidats en cotutelle de th\u00e8se<\/u><\/strong><\/p>\n\n\n\n<p><strong>&#8211;&nbsp;<\/strong>Une copie de la d\u00e9claration d\u2019engagement \u00e0 signer une convention de cotutelle&nbsp;<strong>ou<\/strong>&nbsp;une copie de la convention de cotutelle de th\u00e8se entre l\u2019\u00e9tablissement universitaire alg\u00e9rien et l\u2019\u00e9tablissement universitaire fran\u00e7ais, \u00e0 remettre au plus tard&nbsp;<strong>un (01) mois<\/strong>&nbsp;suivant la publication des r\u00e9sultats de s\u00e9lection.<\/p>\n\n\n\n<p><strong>&#8211;&nbsp;<\/strong>Une copie du certificat d\u2019inscription en doctorat en Alg\u00e9rie de l\u2019ann\u00e9e en cours.<\/p>\n\n\n\n<p><strong>Mobilit\u00e9 dans le cadre du programme PROFAS B+<\/strong><\/p>\n\n\n\n<table class=\"table-style\">\n \n        <thead>\n<head>\n<style>\n*, ::before, ::after {\n    box-sizing: border-box;\n    margin: 0; \n    padding: 0;\n}\n\nbody {\n   \n padding: 18px;\n    font-family: Arial, Helvetica, sans-serif;\n    background: #fff;\n    display: flex;\n    justify-content: center;\n    align-items: center;\n}\n\n.table-style  {\n    border-collapse: collapse;\n    box-shadow: 0 5px 50px rgba(0,0,0,0.15);\n    cursor: pointer;\n    margin: 0px auto;\n    border: 2px solid midnightblue;\n}\n\nthead tr {\n    background-color: midnightblue;\n    color: #fff;\n    text-align: left;\n}\n\nth, td {\n    padding: 15px 20px;\n    text-align: center;\n}\n\ntbody tr, td, th {\n    border: 1px solid #ddd;\n}\n\ntbody tr:nth-child(even){\n    background-color: #f3f3f3;\n}\n\n@media screen and (max-width: 550px) {\n  body {\n    align-items: flex-start;\n  }\n  .table-style  {\n    width: 100%;\n    margin: 0px;\n    font-size: 10px;\n  }\n  th, td {\n    padding: 10px 7px;\n}\n\n}\n<\/head>\n<\/style>\n            <tr>\n                <th style=\"width: 33%;\">ANNEE<\/th>\n                <th style=\"width: 33%;\">Date DU D\u00e9part<\/th>\n                <th style=\"width: 17%;\">Nombre de Postulants<\/th>\n                <th style=\"width: 17%;\">Nombre de Retenus<\/th>\n               \n            <\/tr>\n        <\/thead>\n        \n\n        <tbody>\n            <tr>\n                <td>2018-2019<\/td>\n                <td>Octobre 2019<\/td>\n                <td>43<\/td>\n                <td>13<\/td>\n                \n            <\/tr>\n            <tr>\n                <td>2017-2018<\/td>\n                <td>Octobre 2018<\/td>\n                <td>48<\/td>\n                <td>18<\/td>\n              \n            <\/tr>\n            <tr>\n                <td>2016-2017 <\/td>\n                <td>Octobre 2017<\/td>\n                <td>30<\/td>\n                <td>09<\/td>\n               \n            <\/tr>\n            <tr>\n                <td>2015-2016<\/td>\n                <td>Octobre 2016<\/td>\n                <td>29<\/td>\n                <td>11<\/td>\n                \n            <\/tr>\n           \n<\/FONT>\n        <\/tbody>\n\n    <\/table>\n","protected":false},"excerpt":{"rendered":"<p>Programme Alg\u00e9ro-Fran\u00e7ais&nbsp; de Bourses \u00abPROFAS B+\u00bb&nbsp; Le programme PROFAS est <span class=\"readmore\"><a href=\"https:\/\/vrrelex.usthb.dz\/index.php\/programme-profas-b\/\">Lire Plus<\/a><\/span><\/p>\n","protected":false},"author":1,"featured_media":0,"parent":0,"menu_order":0,"comment_status":"closed","ping_status":"closed","template":"","meta":{"footnotes":""},"_links":{"self":[{"href":"https:\/\/vrrelex.usthb.dz\/index.php\/wp-json\/wp\/v2\/pages\/119"}],"collection":[{"href":"https:\/\/vrrelex.usthb.dz\/index.php\/wp-json\/wp\/v2\/pages"}],"about":[{"href":"https:\/\/vrrelex.usthb.dz\/index.php\/wp-json\/wp\/v2\/types\/page"}],"author":[{"embeddable":true,"href":"https:\/\/vrrelex.usthb.dz\/index.php\/wp-json\/wp\/v2\/users\/1"}],"replies":[{"embeddable":true,"href":"https:\/\/vrrelex.usthb.dz\/index.php\/wp-json\/wp\/v2\/comments?post=119"}],"version-history":[{"count":4,"href":"https:\/\/vrrelex.usthb.dz\/index.php\/wp-json\/wp\/v2\/pages\/119\/revisions"}],"predecessor-version":[{"id":529,"href":"https:\/\/vrrelex.usthb.dz\/index.php\/wp-json\/wp\/v2\/pages\/119\/revisions\/529"}],"wp:attachment":[{"href":"https:\/\/vrrelex.usthb.dz\/index.php\/wp-json\/wp\/v2\/media?parent=119"}],"curies":[{"name":"wp","href":"https:\/\/api.w.org\/{rel}","templated":true}]}}