{"id":117,"date":"2023-09-07T09:57:12","date_gmt":"2023-09-07T09:57:12","guid":{"rendered":"http:\/\/193.194.89.33\/VERELEX\/?page_id=117"},"modified":"2023-10-25T08:26:03","modified_gmt":"2023-10-25T08:26:03","slug":"programme-national-exceptionnel-pne","status":"publish","type":"page","link":"https:\/\/vrrelex.usthb.dz\/index.php\/programme-national-exceptionnel-pne\/","title":{"rendered":"Programme National Exceptionnel PNE"},"content":{"rendered":"\n<p>Programme National Exceptionnel (P.N.E) est d\u00e9di\u00e9 aux enseignants chercheurs, aux enseignants chercheurs hospitalo-universitaires, aux chercheurs permanents salari\u00e9s et aux doctorants non-salari\u00e9s en phase de finalisation de th\u00e8se de doctorat.<\/p>\n\n\n\n<p><strong>Dossiers de candidature<\/strong><\/p>\n\n\n\n<p>Les dossiers de candidatures seront pr\u00e9sent\u00e9s selon l\u2019ordre qui suit&nbsp;:<\/p>\n\n\n\n<p><strong>&nbsp; &nbsp; &nbsp; 1.&nbsp;<u>Documents administratifs<\/u><\/strong><\/p>\n\n\n\n<p>  <\/p>\n\n\n\n<ul>\n<li>  Demande manuscrite     <\/li>\n\n\n\n<li>  Curriculum Vitae d\u00e9taill\u00e9<\/li>\n\n\n\n<li><strong>\u00a0<\/strong>Imprim\u00e9s de demande de bourses vis\u00e9s par le doyen, le chef d\u2019\u00e9tablissement et le pr\u00e9sident du conseil scientifique,<\/li>\n\n\n\n<li>Canevas de candidature \u00e0 une bourse doctorale, saisie sur micro, portant dates et visa du conseil scientifique de la facult\u00e9, directeur et co-directeur de th\u00e8se,<\/li>\n\n\n\n<li>Copie du PV de la 1<strong><sup>\u00e9re<\/sup><\/strong>\u00a0ann\u00e9e d\u2019installation \u00ab\u00a0Enseignant\u00a0\u00bb,<\/li>\n\n\n\n<li>Copie de l\u2019arr\u00eat\u00e9 de titularisation \u00ab\u00a0Enseignant\u00a0\u00bb,<\/li>\n\n\n\n<li>Copies des certificats d\u2019inscription en doctorat en Alg\u00e9rie (minimum 02 inscriptions cons\u00e9cutives),<\/li>\n\n\n\n<li><strong>\u00a0<\/strong>Copies des dipl\u00f4mes requis (Baccalaur\u00e9ats, dipl\u00f4mes universitaires),<\/li>\n\n\n\n<li><strong>\u00a0<\/strong>Attestation de non activit\u00e9 pour les doctorants non-salari\u00e9s,<\/li>\n\n\n\n<li><strong>\u00a0<\/strong>Inscription et la convention en cotutelle uniquement pour ceux inscrits en cotutelle,<\/li>\n\n\n\n<li><strong>\u00a0<\/strong>Etat d\u2019avancement des travaux de finalisation de th\u00e8se, vis\u00e9 par le directeur de th\u00e8se en Alg\u00e9rie et le co-encadreur \u00e0 l\u2019\u00e9tranger attestant que le candidat est en voie de finalisation de th\u00e8se de doctorat,<\/li>\n\n\n\n<li>Attestation de non b\u00e9n\u00e9fice de bourse d\u2019\u00e9tude \u00e9gale ou sup\u00e9rieur \u00e0 six (06) mois \u00e0 l\u2019\u00e9tranger,<\/li>\n\n\n\n<li><strong>\u00a0<\/strong>Engagement des enseignants d\u00fbment sign\u00e9s,<\/li>\n\n\n\n<li><strong>\u00a0<\/strong>Contrat pour les doctorants non-salari\u00e9s,<\/li>\n\n\n\n<li>Deux photographies.<\/li>\n<\/ul>\n\n\n\n<p>&nbsp; &nbsp; &nbsp;2.<strong><u>Documents d\u2019accueil<\/u><\/strong><\/p>\n\n\n\n<ul>\n<li> <strong style=\"font-size: revert;\">&nbsp;<\/strong><span style=\"font-size: revert;\">L\u2019original de la lettre d\u2019accueil,<\/span>   <\/li>\n\n\n\n<li><p><strong>&nbsp;<\/strong>Convention d\u2019accueil uniquement pour les pays France et Belgique.<\/p> <\/li>\n<\/ul>\n\n\n\n<p>&nbsp; &nbsp; &nbsp;3.<strong><u>Documents M.E.S.R.S<\/u><\/strong><\/p>\n\n\n\n<ul>\n<li>Copie de la lettre d\u2019accueil, authentifi\u00e9e par l\u2019\u00e9tablissement d\u2019origine,<\/li>\n\n\n\n<li><strong>\u00a0<\/strong>Copie de la convention d\u2019accueil uniquement pour les pays France et Belgique,<\/li>\n\n\n\n<li><strong>\u00a0<\/strong>Canevas de candidature \u00e0 une bourse doctorale, saisie sur micro, portant dates et visa du conseil scientifique de la facult\u00e9, directeur et co-directeur de th\u00e8se.<\/li>\n<\/ul>\n\n\n\n<p>&nbsp; &nbsp; &nbsp;4.<strong><u>Documents scientifiques<\/u><\/strong><\/p>\n\n\n\n<ul>\n<li>Le dossier scientifique consistera en une pr\u00e9sentation du travail de recherche (th\u00e8se de doctorat) men\u00e9 par le doctorant.<\/li>\n<\/ul>\n\n\n\n<p><strong>Mobilit\u00e9 dans le cadre du programme PNE<\/strong><\/p>\n\n\n\n<table class=\"table-style\">\n \n        <thead>\n<head>\n<style>\n*, ::before, ::after {\n    box-sizing: border-box;\n    margin: 0; \n    padding: 0;\n}\n\nbody {\n   \n padding: 18px;\n    font-family: Arial, Helvetica, sans-serif;\n    background: #fff;\n    display: flex;\n    justify-content: center;\n    align-items: center;\n}\n\n.table-style  {\n    border-collapse: collapse;\n    box-shadow: 0 5px 50px rgba(0,0,0,0.15);\n    cursor: pointer;\n    margin: 0px auto;\n    border: 2px solid midnightblue;\n}\n\nthead tr {\n    background-color: midnightblue;\n    color: #fff;\n    text-align: left;\n}\n\nth, td {\n    padding: 15px 20px;\n    text-align: center;\n}\n\ntbody tr, td, th {\n    border: 1px solid #ddd;\n}\n\ntbody tr:nth-child(even){\n    background-color: #f3f3f3;\n}\n\n@media screen and (max-width: 550px) {\n  body {\n    align-items: flex-start;\n  }\n  .table-style  {\n    width: 100%;\n    margin: 0px;\n    font-size: 10px;\n  }\n  th, td {\n    padding: 10px 7px;\n}\n\n}\n<\/head>\n<\/style>\n            <tr>\n                <th style=\"width: 33%;\">ANNEE<\/th>\n                <th style=\"width: 33%;\">Date DU D\u00e9part<\/th>\n                <th style=\"width: 17%;\">Nombre de Postulants<\/th>\n                <th style=\"width: 17%;\">Nombre de Retenus<\/th>\n               \n            <\/tr>\n        <\/thead>\n        \n\n        <tbody>\n            <tr>\n                <td>2018-2019<\/td>\n                <td>Octobre 2019<\/td>\n                <td>75<\/td>\n                <td>62<\/td>\n                \n            <\/tr>\n            <tr>\n                <td>2017-2018<\/td>\n                <td>Octobre 2018<\/td>\n                <td>07<\/td>\n                <td>03<\/td>\n              \n            <\/tr>\n            <tr>\n                <td>2016-2017 <\/td>\n                <td>Octobre 2017<\/td>\n                <td>Programme gel\u00e9<\/td>\n                <td>Programme gel\u00e9<\/td>\n               \n            <\/tr>\n            <tr>\n                <td>2015-2016<\/td>\n                <td>Octobre 2016<\/td>\n                <td>79<\/td>\n                <td>58<\/td>\n                \n            <\/tr>\n           \n<\/FONT>\n        <\/tbody>\n\n    <\/table>\n","protected":false},"excerpt":{"rendered":"<p>Programme National Exceptionnel (P.N.E) est d\u00e9di\u00e9 aux enseignants chercheurs, aux <span class=\"readmore\"><a href=\"https:\/\/vrrelex.usthb.dz\/index.php\/programme-national-exceptionnel-pne\/\">Lire Plus<\/a><\/span><\/p>\n","protected":false},"author":1,"featured_media":0,"parent":0,"menu_order":0,"comment_status":"closed","ping_status":"closed","template":"","meta":{"footnotes":""},"_links":{"self":[{"href":"https:\/\/vrrelex.usthb.dz\/index.php\/wp-json\/wp\/v2\/pages\/117"}],"collection":[{"href":"https:\/\/vrrelex.usthb.dz\/index.php\/wp-json\/wp\/v2\/pages"}],"about":[{"href":"https:\/\/vrrelex.usthb.dz\/index.php\/wp-json\/wp\/v2\/types\/page"}],"author":[{"embeddable":true,"href":"https:\/\/vrrelex.usthb.dz\/index.php\/wp-json\/wp\/v2\/users\/1"}],"replies":[{"embeddable":true,"href":"https:\/\/vrrelex.usthb.dz\/index.php\/wp-json\/wp\/v2\/comments?post=117"}],"version-history":[{"count":8,"href":"https:\/\/vrrelex.usthb.dz\/index.php\/wp-json\/wp\/v2\/pages\/117\/revisions"}],"predecessor-version":[{"id":526,"href":"https:\/\/vrrelex.usthb.dz\/index.php\/wp-json\/wp\/v2\/pages\/117\/revisions\/526"}],"wp:attachment":[{"href":"https:\/\/vrrelex.usthb.dz\/index.php\/wp-json\/wp\/v2\/media?parent=117"}],"curies":[{"name":"wp","href":"https:\/\/api.w.org\/{rel}","templated":true}]}}