{"id":102,"date":"2023-09-07T09:24:06","date_gmt":"2023-09-07T09:24:06","guid":{"rendered":"http:\/\/193.194.89.33\/VERELEX\/?page_id=102"},"modified":"2023-10-10T12:38:47","modified_gmt":"2023-10-10T12:38:47","slug":"maison-de-lentreprenariat","status":"publish","type":"page","link":"https:\/\/vrrelex.usthb.dz\/index.php\/maison-de-lentreprenariat\/","title":{"rendered":"Maison de l\u2019Entreprenariat"},"content":{"rendered":"\n<p>La maison de l\u2019entrepreneuriat est l\u2019outil appropri\u00e9 pour inculquer les valeurs<br>entrepreneuriales et initier les jeunes \u00e9tudiants \u00e0 l\u2019acte d\u2019entreprendre pour<br>concr\u00e9tiser leurs id\u00e9es et faire \u00e9merger des projets \u00e0 forte valeur ajout\u00e9e qui<br>contribuent dans le d\u00e9veloppement de l\u2019\u00e9conomie Nationale.<\/p>\n\n\n\n<p><strong>MISSIONS<\/strong><\/p>\n\n\n\n<ul>\n<li>Cr\u00e9er un cadre de travail permettant de promouvoir l\u2019entrepreneuriat au sein<br>de l\u2019universit\u00e9 ;<br>\u2022\u2010L\u2019organisation de journ\u00e9es d\u2019information, de sensibilisation et d\u2019initiation \u00e0<br>l\u2019entrepreneuriat au profit des \u00e9tudiants et des porteurs de projets. Ces actions<br>contribuent \u00e0 susciter l\u2019\u00e9veil entrepreneurial des \u00e9tudiants ;<br>\u2022\u2010 Elaboration et la mise en oeuvre de programmes de formation \u00e0 la cr\u00e9ation et<br>\u00e0 la gestion d\u2019entreprises en direction des \u00e9tudiants.<\/li>\n\n\n\n<li>Identifier les projets susceptibles d\u2019\u0207tre incuber et les accompagner jusqu\u2019\u00e0<br>maturation avec la cr\u00e9ation de start\u2010ups.<\/li>\n<\/ul>\n\n\n\n<p><\/p>\n","protected":false},"excerpt":{"rendered":"<p>La maison de l\u2019entrepreneuriat est l\u2019outil appropri\u00e9 pour inculquer les <span class=\"readmore\"><a href=\"https:\/\/vrrelex.usthb.dz\/index.php\/maison-de-lentreprenariat\/\">Lire Plus<\/a><\/span><\/p>\n","protected":false},"author":1,"featured_media":0,"parent":0,"menu_order":0,"comment_status":"closed","ping_status":"closed","template":"","meta":{"footnotes":""},"_links":{"self":[{"href":"https:\/\/vrrelex.usthb.dz\/index.php\/wp-json\/wp\/v2\/pages\/102"}],"collection":[{"href":"https:\/\/vrrelex.usthb.dz\/index.php\/wp-json\/wp\/v2\/pages"}],"about":[{"href":"https:\/\/vrrelex.usthb.dz\/index.php\/wp-json\/wp\/v2\/types\/page"}],"author":[{"embeddable":true,"href":"https:\/\/vrrelex.usthb.dz\/index.php\/wp-json\/wp\/v2\/users\/1"}],"replies":[{"embeddable":true,"href":"https:\/\/vrrelex.usthb.dz\/index.php\/wp-json\/wp\/v2\/comments?post=102"}],"version-history":[{"count":4,"href":"https:\/\/vrrelex.usthb.dz\/index.php\/wp-json\/wp\/v2\/pages\/102\/revisions"}],"predecessor-version":[{"id":350,"href":"https:\/\/vrrelex.usthb.dz\/index.php\/wp-json\/wp\/v2\/pages\/102\/revisions\/350"}],"wp:attachment":[{"href":"https:\/\/vrrelex.usthb.dz\/index.php\/wp-json\/wp\/v2\/media?parent=102"}],"curies":[{"name":"wp","href":"https:\/\/api.w.org\/{rel}","templated":true}]}}