{"id":100,"date":"2023-09-07T09:23:41","date_gmt":"2023-09-07T09:23:41","guid":{"rendered":"http:\/\/193.194.89.33\/VERELEX\/?page_id=100"},"modified":"2023-10-10T12:37:33","modified_gmt":"2023-10-10T12:37:33","slug":"cellule-de-valorisation","status":"publish","type":"page","link":"https:\/\/vrrelex.usthb.dz\/index.php\/cellule-de-valorisation\/","title":{"rendered":"Cellule de Valorisation de la Recherche"},"content":{"rendered":"\n<p><\/p>\n\n\n\n<p>La Cellule Valorisation a pour mission principale de valoriser les r\u00e9sultats des<br>recherches men\u00e9es au sein de l\u2019universit\u00e9. Plusieurs formes de valorisation sont<br>envisageables, notamment la vente de technologie, l&#8217;octroi de licence, la cr\u00e9ation<br>de soci\u00e9t\u00e9s, le financement de projets de d\u00e9veloppement et\/ou d&#8217;am\u00e9liorations<br>technologiques,\u2026 La valorisation de la recherche universitaire a comme objectif de<br>faire exploiter les r\u00e9sultats de la recherche au sein d&#8217;une entreprise existante ou \u00e0<br>cr\u00e9er, en lui permettant d&#8217;acqu\u00e9rir une technologie &#8220;s\u00e9curis\u00e9e&#8221; du point de vue de<br>la propri\u00e9t\u00e9 intellectuelle, favorisant une exploitation efficace vis\u2010\u00e0\u2010vis de<br>concurrents potentiels.<\/p>\n\n\n\n<p><strong>MISSIONS<\/strong><\/p>\n\n\n\n<ul>\n<li>participer \u00e0 la d\u00e9tection des r\u00e9sultats de recherche et autres savoirs valorisables, le<br>plus t\u00f4t possible,<\/li>\n\n\n\n<li>sensibiliser et former les chercheurs universitaires aux droits de la propri\u00e9t\u00e9<br>industrielle et, notamment aux notions de secret et de confidentialit\u00e9 \u00e0 int\u00e9grer avant<br>toute publication scientifique, avant les premiers contacts avec une entreprise ou autre<br>partenaire,<\/li>\n\n\n\n<li>aider les chercheurs lors de l&#8217;\u00e9tude de brevetabilit\u00e9 (recherche d&#8217;ant\u00e9riorit\u00e9,<br>identification des principales revendications, possibilit\u00e9s d&#8217;\u00e9largissement des<br>revendications, identification des possibilit\u00e9s de d\u00e9tecter les contrefa\u00e7ons<br>potentielles,\u2026),et autres savoirs valorisables, le plus t\u00f4t possible,<\/li>\n\n\n\n<li>participer \u00e0 la n\u00e9gociation et \u00e0 la r\u00e9daction de contrats de vente de technologie ou de<br>licence d&#8217;exploitation en fonction de divers facteurs (maturit\u00e9 de la technologie, \u00e9tat<br>de la propri\u00e9t\u00e9 intellectuelle, valeur ajout\u00e9e de la technologie dans un march\u00e9<br>concurrentiel, licence exclusive ou non, co\u00fbts de la recherche,\u2026)<\/li>\n<\/ul>\n","protected":false},"excerpt":{"rendered":"<p>La Cellule Valorisation a pour mission principale de valoriser les <span class=\"readmore\"><a href=\"https:\/\/vrrelex.usthb.dz\/index.php\/cellule-de-valorisation\/\">Lire Plus<\/a><\/span><\/p>\n","protected":false},"author":1,"featured_media":0,"parent":0,"menu_order":0,"comment_status":"closed","ping_status":"closed","template":"","meta":{"footnotes":""},"_links":{"self":[{"href":"https:\/\/vrrelex.usthb.dz\/index.php\/wp-json\/wp\/v2\/pages\/100"}],"collection":[{"href":"https:\/\/vrrelex.usthb.dz\/index.php\/wp-json\/wp\/v2\/pages"}],"about":[{"href":"https:\/\/vrrelex.usthb.dz\/index.php\/wp-json\/wp\/v2\/types\/page"}],"author":[{"embeddable":true,"href":"https:\/\/vrrelex.usthb.dz\/index.php\/wp-json\/wp\/v2\/users\/1"}],"replies":[{"embeddable":true,"href":"https:\/\/vrrelex.usthb.dz\/index.php\/wp-json\/wp\/v2\/comments?post=100"}],"version-history":[{"count":5,"href":"https:\/\/vrrelex.usthb.dz\/index.php\/wp-json\/wp\/v2\/pages\/100\/revisions"}],"predecessor-version":[{"id":348,"href":"https:\/\/vrrelex.usthb.dz\/index.php\/wp-json\/wp\/v2\/pages\/100\/revisions\/348"}],"wp:attachment":[{"href":"https:\/\/vrrelex.usthb.dz\/index.php\/wp-json\/wp\/v2\/media?parent=100"}],"curies":[{"name":"wp","href":"https:\/\/api.w.org\/{rel}","templated":true}]}}